{"id":189,"date":"2015-06-16T11:16:43","date_gmt":"2015-06-16T08:16:43","guid":{"rendered":"http:\/\/journal.phaselis.org\/en\/?page_id=189"},"modified":"2024-04-25T23:11:05","modified_gmt":"2024-04-25T20:11:05","slug":"ana-sayfa","status":"publish","type":"page","link":"http:\/\/journal.phaselis.org\/en","title":{"rendered":"Home"},"content":{"rendered":"<h1 style=\"text-align: center;\">\t\t\t<script type=\"text\/javascript\" src=\"\/\/journal.phaselis.org\/wp-content\/plugins\/revslider\/public\/assets\/js\/rbtools.min.js?rev=6.3.2\"><\/script>\n\t\t\t<script type=\"text\/javascript\" src=\"\/\/journal.phaselis.org\/wp-content\/plugins\/revslider\/public\/assets\/js\/rs6.min.js?rev=6.3.2\"><\/script>\n\n\t\t\t<!-- START Pha2024Articles REVOLUTION SLIDER 6.3.2 --><p class=\"rs-p-wp-fix\"><\/p>\n\t\t\t<rs-module-wrap id=\"rev_slider_22_1_wrapper\" data-source=\"gallery\" style=\"background:transparent;padding:0px;margin:0px auto;margin-top:0;margin-bottom:0;\">\n\t\t\t\t<rs-module id=\"rev_slider_22_1\" style=\"\" data-version=\"6.3.2\">\n\t\t\t\t\t<rs-slides>\n\t\t\t\t\t\t<rs-slide data-key=\"rs-366\" data-title=\"Pha.24001\" data-thumb=\"\/\/journal.phaselis.org\/wp-content\/uploads\/2024\/04\/Pha.24001-50x100.jpg\" data-link=\"\/\/journal.phaselis.org\/2024\/pha-0171\" data-target=\"_self\" data-seoz=\"front\" data-anim=\"ei:d;eo:d;s:1500;r:0;t:fade;sl:0;\">\n\t\t\t\t\t\t\t<img src=\"\/\/journal.phaselis.org\/wp-content\/plugins\/revslider\/public\/assets\/assets\/dummy.png\" title=\"Pha.24001\" width=\"960\" height=\"503\" data-lazyload=\"\/\/journal.phaselis.org\/wp-content\/uploads\/2024\/04\/Pha.24001.jpg\" data-bg=\"f:contain;\" class=\"rev-slidebg\" data-no-retina>\n<!--\n\t\t\t\t\t\t\t--><rs-layer\n\t\t\t\t\t\t\t\tid=\"slider-22-slide-366-layer-3\" \n\t\t\t\t\t\t\t\tdata-type=\"text\"\n\t\t\t\t\t\t\t\tdata-color=\"#fff\"\n\t\t\t\t\t\t\t\tdata-tsh=\"c:rgba(0,0,0,0.45);h:15px;v:15px;b:20px;\"\n\t\t\t\t\t\t\t\tdata-rsp_ch=\"on\"\n\t\t\t\t\t\t\t\tdata-xy=\"x:60px;y:400px;\"\n\t\t\t\t\t\t\t\tdata-text=\"w:normal;s:17;l:29;fw:500;\"\n\t\t\t\t\t\t\t\tdata-dim=\"w:126;h:37;\"\n\t\t\t\t\t\t\t\tdata-padding=\"t:5;r:7;b:5;l:7;\"\n\t\t\t\t\t\t\t\tdata-frame_1=\"e:power0.in;st:500;sp:1000;sR:160;\"\n\t\t\t\t\t\t\t\tdata-frame_999=\"o:0;e:power4.inOut;st:w;sp:1000;\"\n\t\t\t\t\t\t\t\tstyle=\"z-index:8;background-color:rgba(188,126,54,0.85);font-family:Roboto;\"\n\t\t\t\t\t\t\t>\u00c7i\u011fdem \u00d6NER \n\t\t\t\t\t\t\t<\/rs-layer><!--\n\n\t\t\t\t\t\t\t--><rs-layer\n\t\t\t\t\t\t\t\tid=\"slider-22-slide-366-layer-4\" \n\t\t\t\t\t\t\t\tdata-type=\"text\"\n\t\t\t\t\t\t\t\tdata-color=\"#fff\"\n\t\t\t\t\t\t\t\tdata-tsh=\"c:rgba(0,0,0,0.75);h:5px;b:10px;\"\n\t\t\t\t\t\t\t\tdata-rsp_ch=\"on\"\n\t\t\t\t\t\t\t\tdata-xy=\"x:60px;y:360px;\"\n\t\t\t\t\t\t\t\tdata-text=\"w:normal;s:22;l:31;fw:500;\"\n\t\t\t\t\t\t\t\tdata-dim=\"w:888.997px;h:36.9931px;\"\n\t\t\t\t\t\t\t\tdata-padding=\"t:6;r:8;b:6;l:8;\"\n\t\t\t\t\t\t\t\tdata-frame_1=\"x:1px;e:power0.in;st:350;sp:1150;\"\n\t\t\t\t\t\t\t\tdata-frame_999=\"o:0;st:w;sR:8200;\"\n\t\t\t\t\t\t\t\tstyle=\"z-index:9;background-color:rgba(56,49,49,0.9);font-family:Roboto;\"\n\t\t\t\t\t\t\t>New Evaluations and Restitution Suggestions for the Small Bath Structure at Phaselis \n\t\t\t\t\t\t\t<\/rs-layer><!--\n-->\t\t\t\t\t\t<\/rs-slide>\n\t\t\t\t\t\t<rs-slide data-key=\"rs-375\" data-title=\"Pha.24001\" data-thumb=\"\/\/journal.phaselis.org\/wp-content\/uploads\/2024\/09\/Pha.240002-50x100.jpg\" data-link=\"\/\/journal.phaselis.org\/2024\/pha-0172\" data-target=\"_self\" data-seoz=\"front\" data-anim=\"ei:d;eo:d;s:1500;r:0;t:fade;sl:0;\">\n\t\t\t\t\t\t\t<img src=\"\/\/journal.phaselis.org\/wp-content\/plugins\/revslider\/public\/assets\/assets\/dummy.png\" title=\"Pha.240002\" width=\"960\" height=\"503\" data-lazyload=\"\/\/journal.phaselis.org\/wp-content\/uploads\/2024\/09\/Pha.240002.jpg\" data-bg=\"f:contain;\" class=\"rev-slidebg\" data-no-retina>\n<!--\n\t\t\t\t\t\t\t--><rs-layer\n\t\t\t\t\t\t\t\tid=\"slider-22-slide-375-layer-3\" \n\t\t\t\t\t\t\t\tdata-type=\"text\"\n\t\t\t\t\t\t\t\tdata-color=\"#fff\"\n\t\t\t\t\t\t\t\tdata-tsh=\"c:rgba(0,0,0,0.45);h:15px;v:15px;b:20px;\"\n\t\t\t\t\t\t\t\tdata-rsp_ch=\"on\"\n\t\t\t\t\t\t\t\tdata-xy=\"x:61px;y:400px;\"\n\t\t\t\t\t\t\t\tdata-text=\"w:normal;s:17;l:29;fw:500;\"\n\t\t\t\t\t\t\t\tdata-dim=\"w:414px;h:39px;\"\n\t\t\t\t\t\t\t\tdata-padding=\"t:5;r:7;b:5;l:7;\"\n\t\t\t\t\t\t\t\tdata-frame_1=\"e:power0.in;st:500;sp:1000;sR:160;\"\n\t\t\t\t\t\t\t\tdata-frame_999=\"o:0;e:power4.inOut;st:w;sp:1000;\"\n\t\t\t\t\t\t\t\tstyle=\"z-index:8;background-color:rgba(188,126,54,0.85);font-family:Roboto;\"\n\t\t\t\t\t\t\t>N. Eda AKY\u00dcREK \u015eAH\u0130N  & H\u00fcseyin UZUNO\u011eLU<br \/>\n \n\t\t\t\t\t\t\t<\/rs-layer><!--\n\n\t\t\t\t\t\t\t--><rs-layer\n\t\t\t\t\t\t\t\tid=\"slider-22-slide-375-layer-4\" \n\t\t\t\t\t\t\t\tdata-type=\"text\"\n\t\t\t\t\t\t\t\tdata-color=\"#fff\"\n\t\t\t\t\t\t\t\tdata-tsh=\"c:rgba(0,0,0,0.75);h:5px;b:10px;\"\n\t\t\t\t\t\t\t\tdata-rsp_ch=\"on\"\n\t\t\t\t\t\t\t\tdata-xy=\"x:60px;y:360px;\"\n\t\t\t\t\t\t\t\tdata-text=\"w:normal;s:22;l:31;fw:500;\"\n\t\t\t\t\t\t\t\tdata-dim=\"w:888.997px;h:36.9931px;\"\n\t\t\t\t\t\t\t\tdata-padding=\"t:6;r:8;b:6;l:8;\"\n\t\t\t\t\t\t\t\tdata-frame_1=\"x:1px;e:power0.in;st:350;sp:1150;\"\n\t\t\t\t\t\t\t\tdata-frame_999=\"o:0;st:w;sR:8200;\"\n\t\t\t\t\t\t\t\tstyle=\"z-index:9;background-color:rgba(56,49,49,0.9);font-family:Roboto;\"\n\t\t\t\t\t\t\t>Neue Weihungen an Zeus Bronton im Museum von Eski\u015fehir \n\t\t\t\t\t\t\t<\/rs-layer><!--\n-->\t\t\t\t\t\t<\/rs-slide>\n\t\t\t\t\t\t<rs-slide data-key=\"rs-376\" data-title=\"Slide\" data-anim=\"ei:d;eo:d;s:1000;r:0;t:fade;sl:0;\">\n\t\t\t\t\t\t\t<img src=\"\/\/journal.phaselis.org\/wp-content\/plugins\/revslider\/public\/assets\/assets\/dummy.png\" alt=\"Slide\" title=\"Home\" data-lazyload=\"\/\/journal.phaselis.org\/wp-content\/plugins\/revslider\/public\/assets\/assets\/transparent.png\" class=\"rev-slidebg\" data-no-retina>\n<!--\n\t\t\t\t\t\t\t--><rs-layer\n\t\t\t\t\t\t\t\tid=\"slider-22-slide-376-layer-1\" \n\t\t\t\t\t\t\t\tdata-type=\"image\"\n\t\t\t\t\t\t\t\tdata-rsp_ch=\"on\"\n\t\t\t\t\t\t\t\tdata-xy=\"y:-80px;\"\n\t\t\t\t\t\t\t\tdata-text=\"w:normal;\"\n\t\t\t\t\t\t\t\tdata-dim=\"w:965px;h:724px;\"\n\t\t\t\t\t\t\t\tdata-frame_999=\"o:0;st:w;\"\n\t\t\t\t\t\t\t\tstyle=\"z-index:5;\"\n\t\t\t\t\t\t\t><img src=\"\/\/journal.phaselis.org\/wp-content\/plugins\/revslider\/public\/assets\/assets\/dummy.png\" width=\"493\" height=\"370\" data-lazyload=\"\/\/journal.phaselis.org\/wp-content\/uploads\/2024\/10\/1-Pha.24003.jpg\" data-no-retina> \n\t\t\t\t\t\t\t<\/rs-layer><!--\n\n\t\t\t\t\t\t\t--><rs-layer\n\t\t\t\t\t\t\t\tid=\"slider-22-slide-376-layer-2\" \n\t\t\t\t\t\t\t\tdata-type=\"text\"\n\t\t\t\t\t\t\t\tdata-color=\"#fff\"\n\t\t\t\t\t\t\t\tdata-tsh=\"c:rgba(0,0,0,0.75);h:5px;b:10px;\"\n\t\t\t\t\t\t\t\tdata-rsp_ch=\"on\"\n\t\t\t\t\t\t\t\tdata-xy=\"x:20px;y:380px;\"\n\t\t\t\t\t\t\t\tdata-text=\"w:normal;s:18;fw:500;\"\n\t\t\t\t\t\t\t\tdata-dim=\"w:882px;h:58;\"\n\t\t\t\t\t\t\t\tdata-padding=\"t:4;r:7;b:4;l:7;\"\n\t\t\t\t\t\t\t\tdata-frame_1=\"x:1px;e:power0.in;st:350;sp:1150;\"\n\t\t\t\t\t\t\t\tdata-frame_999=\"o:0;st:w;sR:8200;\"\n\t\t\t\t\t\t\t\tstyle=\"z-index:9;background-color:rgba(56,49,49,0.9);font-family:Roboto;\"\n\t\t\t\t\t\t\t>Bodies in Pile: Osteological and Archaeological Analysis of Skeletal Remains from Phaselis Infrastucture \n\t\t\t\t\t\t\t<\/rs-layer><!--\n\n\t\t\t\t\t\t\t--><rs-layer\n\t\t\t\t\t\t\t\tid=\"slider-22-slide-376-layer-5\" \n\t\t\t\t\t\t\t\tdata-type=\"text\"\n\t\t\t\t\t\t\t\tdata-color=\"#fff\"\n\t\t\t\t\t\t\t\tdata-tsh=\"c:rgba(0,0,0,0.45);h:15px;v:15px;b:20px;\"\n\t\t\t\t\t\t\t\tdata-rsp_ch=\"on\"\n\t\t\t\t\t\t\t\tdata-xy=\"x:20px;y:440px;\"\n\t\t\t\t\t\t\t\tdata-text=\"w:normal;s:17;l:30;fw:500;\"\n\t\t\t\t\t\t\t\tdata-dim=\"w:491;h:39;\"\n\t\t\t\t\t\t\t\tdata-padding=\"t:5;r:8;b:5;l:8;\"\n\t\t\t\t\t\t\t\tdata-frame_1=\"e:power0.in;st:500;sp:1000;sR:160;\"\n\t\t\t\t\t\t\t\tdata-frame_999=\"o:0;e:power4.inOut;st:w;sp:1000;\"\n\t\t\t\t\t\t\t\tstyle=\"z-index:8;background-color:rgba(188,126,54,0.85);font-family:Roboto;\"\n\t\t\t\t\t\t\t>Tolga KARAHAN & Ahmet \u0130hsan AYTEK & Alper Yener YAVUZ \n\t\t\t\t\t\t\t<\/rs-layer><!--\n-->\t\t\t\t\t\t<\/rs-slide>\n\t\t\t\t\t\t<rs-slide data-key=\"rs-378\" data-title=\"Pha.24001\" data-thumb=\"\/\/journal.phaselis.org\/wp-content\/uploads\/2024\/04\/Pha.24001-50x100.jpg\" data-link=\"\/\/journal.phaselis.org\/2024\/pha-0171\" data-target=\"_self\" data-seoz=\"front\" data-anim=\"ei:d;eo:d;s:1500;r:0;t:fade;sl:0;\">\n\t\t\t\t\t\t\t<img src=\"\/\/journal.phaselis.org\/wp-content\/plugins\/revslider\/public\/assets\/assets\/dummy.png\" title=\"Pha.24001\" width=\"960\" height=\"503\" data-lazyload=\"\/\/journal.phaselis.org\/wp-content\/uploads\/2024\/04\/Pha.24001.jpg\" data-bg=\"f:contain;\" class=\"rev-slidebg\" data-no-retina>\n<!--\n\t\t\t\t\t\t\t--><rs-layer\n\t\t\t\t\t\t\t\tid=\"slider-22-slide-378-layer-3\" \n\t\t\t\t\t\t\t\tdata-type=\"text\"\n\t\t\t\t\t\t\t\tdata-color=\"#fff\"\n\t\t\t\t\t\t\t\tdata-tsh=\"c:rgba(0,0,0,0.45);h:15px;v:15px;b:20px;\"\n\t\t\t\t\t\t\t\tdata-rsp_ch=\"on\"\n\t\t\t\t\t\t\t\tdata-xy=\"x:60px;y:400px;\"\n\t\t\t\t\t\t\t\tdata-text=\"w:normal;s:17;l:29;fw:500;\"\n\t\t\t\t\t\t\t\tdata-dim=\"w:126;h:37;\"\n\t\t\t\t\t\t\t\tdata-padding=\"t:5;r:7;b:5;l:7;\"\n\t\t\t\t\t\t\t\tdata-frame_1=\"e:power0.in;st:500;sp:1000;sR:160;\"\n\t\t\t\t\t\t\t\tdata-frame_999=\"o:0;e:power4.inOut;st:w;sp:1000;\"\n\t\t\t\t\t\t\t\tstyle=\"z-index:8;background-color:rgba(188,126,54,0.85);font-family:Roboto;\"\n\t\t\t\t\t\t\t>\u00c7i\u011fdem \u00d6NER \n\t\t\t\t\t\t\t<\/rs-layer><!--\n\n\t\t\t\t\t\t\t--><rs-layer\n\t\t\t\t\t\t\t\tid=\"slider-22-slide-378-layer-4\" \n\t\t\t\t\t\t\t\tdata-type=\"text\"\n\t\t\t\t\t\t\t\tdata-color=\"#fff\"\n\t\t\t\t\t\t\t\tdata-tsh=\"c:rgba(0,0,0,0.75);h:5px;b:10px;\"\n\t\t\t\t\t\t\t\tdata-rsp_ch=\"on\"\n\t\t\t\t\t\t\t\tdata-xy=\"x:60px;y:360px;\"\n\t\t\t\t\t\t\t\tdata-text=\"w:normal;s:22;l:31;fw:500;\"\n\t\t\t\t\t\t\t\tdata-dim=\"w:888.997px;h:36.9931px;\"\n\t\t\t\t\t\t\t\tdata-padding=\"t:6;r:8;b:6;l:8;\"\n\t\t\t\t\t\t\t\tdata-frame_1=\"x:1px;e:power0.in;st:350;sp:1150;\"\n\t\t\t\t\t\t\t\tdata-frame_999=\"o:0;st:w;sR:8200;\"\n\t\t\t\t\t\t\t\tstyle=\"z-index:9;background-color:rgba(56,49,49,0.9);font-family:Roboto;\"\n\t\t\t\t\t\t\t>New Evaluations and Restitution Suggestions for the Small Bath Structure at Phaselis \n\t\t\t\t\t\t\t<\/rs-layer><!--\n-->\t\t\t\t\t\t<\/rs-slide>\n\t\t\t\t\t<\/rs-slides>\n\t\t\t\t\t<rs-static-layers><!--\n\n\t\t\t\t\t\t\t--><rs-layer\n\t\t\t\t\t\t\t\tid=\"slider-22-slide-19-layer-0\" \n\t\t\t\t\t\t\t\tclass=\"rs-layer-static\"\n\t\t\t\t\t\t\t\tdata-type=\"text\"\n\t\t\t\t\t\t\t\tdata-color=\"#fff\"\n\t\t\t\t\t\t\t\tdata-rsp_ch=\"on\"\n\t\t\t\t\t\t\t\tdata-xy=\"x:60px;y:20px;\"\n\t\t\t\t\t\t\t\tdata-text=\"w:normal;s:27;l:30;ls:1;fw:500;\"\n\t\t\t\t\t\t\t\tdata-onslides=\"s:1;\"\n\t\t\t\t\t\t\t\tdata-padding=\"t:5;r:7;b:5;l:7;\"\n\t\t\t\t\t\t\t\tdata-frame_999=\"o:0;st:w;\"\n\t\t\t\t\t\t\t\tstyle=\"z-index:8;background-color:rgba(5,5,5,0.5);font-family:Roboto;\"\n\t\t\t\t\t\t\t>PHASELIS | Say\u0131 \/ Issue X (2024) \n\t\t\t\t\t\t\t<\/rs-layer><!--\n\t\t\t\t\t--><\/rs-static-layers>\n\t\t\t\t<\/rs-module>\n\t\t\t\t<script>\n\t\t\t\t\tvar htmlDivCss = unescape(\"%0A%0A%0A%0A%0A%0A%0A%0A\");\n\t\t\t\t\tvar htmlDiv = document.getElementById('rs-plugin-settings-inline-css');\n\t\t\t\t\tif(htmlDiv) {\n\t\t\t\t\t\thtmlDiv.innerHTML = htmlDiv.innerHTML + htmlDivCss;\n\t\t\t\t\t}else{\n\t\t\t\t\t\tvar htmlDiv = document.createElement('div');\n\t\t\t\t\t\thtmlDiv.innerHTML = '<style>' + htmlDivCss + '<\/style>';\n\t\t\t\t\t\tdocument.getElementsByTagName('head')[0].appendChild(htmlDiv.childNodes[0]);\n\t\t\t\t\t}\n\t\t\t\t<\/script>\n\t\t\t<\/rs-module-wrap>\n\t\t\t<!-- END REVOLUTION SLIDER -->\n<\/h1>\n<div class=\"divider_padding\"><\/div>\n<h1 style=\"text-align: center;\">PHASELIS: Journal of Interdisciplinary Mediterranean Studies<\/h1>\n<p style=\"text-align: justify;\"><strong>PHASELIS: Journal of Interdisciplinary Mediterranean Studies<\/strong> is an interdisciplinary periodical established to serve as a sustainable platform for debate for scientists, researchers and experts examining the ancient city of Phaselis and its territory within the scope of multi\/cross disciplinary methods since 2011. As of this moment, the updated and scientific results of the multidisciplinary studies specific to the settlement and area archaeology in the <em>polis <\/em>and hinterland carried out by a group of more than a dozen are submitted every year, to provide information to researchers who are interested in these topics. All of the scientific articles published in the journal, which are mostly in the field of natural sciences, are published on thme condition of being fully focused upon Phaselis and so titled, including a wide range of topics such as flora-fauna, ecology and the natural cycle, fungi and lichens of Phaselis, and fish, chelonian, crustacean and algae types, inhabitants of the area from ancient times to today.<\/p>\n<div class=\"divider_padding\"><\/div>\n<div class=\"one_half\"><div id=\"framed_box_7e5788eb7ce895ba97efcac93ab0688b\" class=\"framed_box rounded aligncenter\" style=\"border-color:#007f74;width:90%;\">\n\t<div class=\"framed_box_content\">\n\t\t\n<h3><i class=\"iconfont icon-info-circle icon-2x\" style=\"color:#D99A2F\"><\/i>\u00a0 \u00a0\u00a0 <a href=\"http:\/\/journal.phaselis.org\/en\/publication-rules\">Author Guidelines<\/a><\/h3>\n\n\t\t<div class=\"framed_box_space\"><\/div>\n\t<\/div>\n<\/div>\n<style>#framed_box_7e5788eb7ce895ba97efcac93ab0688b .framed_box_content a {\n\tcolor: #0a566d;\n}#framed_box_7e5788eb7ce895ba97efcac93ab0688b .framed_box_content a:hover,\n#framed_box_7e5788eb7ce895ba97efcac93ab0688b .framed_box_content a:active {\n\tcolor: #0bc3ed;\n}<\/style>\n<div id=\"framed_box_5f6903f31330db5ebfc07db5536ec9d2\" class=\"framed_box rounded aligncenter\" style=\"border-color:#007f74;width:90%;\">\n\t<div class=\"framed_box_content\">\n\t\t\n<div class=\"process_step_detail\">\n<h3 class=\"process_step_title\"><i class=\"iconfont icon-file-text-o icon-2x\" style=\"color:#D99A2F\"><\/i>\u00a0\u00a0 \u00a0\u00a0 <a href=\"http:\/\/journal.phaselis.org\/en\/current-issue\">Current Issue<\/a><\/h3>\n<\/div>\n\n\t\t<div class=\"framed_box_space\"><\/div>\n\t<\/div>\n<\/div>\n<style>#framed_box_5f6903f31330db5ebfc07db5536ec9d2 .framed_box_content a {\n\tcolor: #0a566d;\n}#framed_box_5f6903f31330db5ebfc07db5536ec9d2 .framed_box_content a:hover,\n#framed_box_5f6903f31330db5ebfc07db5536ec9d2 .framed_box_content a:active {\n\tcolor: #0bc3ed;\n}<\/style><\/div>\n<div class=\"one_half last\"><div id=\"framed_box_498feb458527228e048ce3b3304e659f\" class=\"framed_box rounded aligncenter\" style=\"border-color:#007f74;width:90%;\">\n\t<div class=\"framed_box_content\">\n\t\t\n<h3 class=\"process_step_title\"><i class=\"iconfont icon-paperclip icon-2x\" style=\"color:#D99A2F\"><\/i>\u00a0\u00a0\u00a0\u00a0 <a href=\"http:\/\/journal.phaselis.org\/en\/article-submission\">Article Submission<\/a><\/h3>\n\n\t\t<div class=\"framed_box_space\"><\/div>\n\t<\/div>\n<\/div>\n<style>#framed_box_498feb458527228e048ce3b3304e659f .framed_box_content a {\n\tcolor: #0a566d;\n}#framed_box_498feb458527228e048ce3b3304e659f .framed_box_content a:hover,\n#framed_box_498feb458527228e048ce3b3304e659f .framed_box_content a:active {\n\tcolor: #0bc3ed;\n}<\/style>\n<div id=\"framed_box_3ffd49ee263d2d4e001c993481113214\" class=\"framed_box rounded aligncenter\" style=\"border-color:#007f74;width:90%;\">\n\t<div class=\"framed_box_content\">\n\t\t\n<h3 class=\"process_step_title\"><i class=\"iconfont icon-search icon-2x\" style=\"color:#D99A2F\"><\/i> \u00a0 \u00a0 <a href=\"http:\/\/journal.phaselis.org\/en\/archive\">Journal Archive<\/a><\/h3>\n\n\t\t<div class=\"framed_box_space\"><\/div>\n\t<\/div>\n<\/div>\n<style>#framed_box_3ffd49ee263d2d4e001c993481113214 .framed_box_content a {\n\tcolor: #0a566d;\n}#framed_box_3ffd49ee263d2d4e001c993481113214 .framed_box_content a:hover,\n#framed_box_3ffd49ee263d2d4e001c993481113214 .framed_box_content a:active {\n\tcolor: #0bc3ed;\n}<\/style><\/div><div class=\"clearboth\"><\/div><div class=\"divider_padding\"><\/div>\n<h2 style=\"text-align: center;\">Publication<div class=\"divider_line\"><\/div><\/h2>\n\n<div class=\"divider_padding\"><\/div>\n<h2 style=\"text-align: center;\">Featured Articles<div class=\"divider_line\"><\/div><\/h2>\n<div class=\"one_half\"><h3 style=\"text-align: center;\">Issue IX (2023)<\/h3>\n<\/div>\n<div class=\"one_half last\"><h3 style=\"text-align: center;\">Issue VIII (2022)<\/h3>\n<div class=\"popular_posts_wrap\"><ul class=\"posts_list\"><li><a class=\"thumbnail\" href=\"http:\/\/journal.phaselis.org\/en\/2022-en\/pha-0143\" title=\"Yeni Assur Krall\u0131\u011f\u0131\u2019nda \u015earap K\u00fclt\u00fcr\u00fc\"><img width=\"65\" height=\"65\" src=\"http:\/\/journal.phaselis.org\/wp-content\/uploads\/2022\/01\/Pha.22001-150x150.jpg\" class=\"attachment-65x65 size-65x65 wp-post-image\" alt=\"Yeni Assur Krall\u0131\u011f\u0131\u2019nda \u015earap K\u00fclt\u00fcr\u00fc\" decoding=\"async\" title=\"Yeni Assur Krall\u0131\u011f\u0131\u2019nda \u015earap K\u00fclt\u00fcr\u00fc\" loading=\"lazy\" \/><\/a><div class=\"post_extra_info\"><a class=\"post_title\" href=\"http:\/\/journal.phaselis.org\/en\/2022-en\/pha-0143\" title=\"Yeni Assur Krall\u0131\u011f\u0131\u2019nda \u015earap K\u00fclt\u00fcr\u00fc\" rel=\"bookmark\">Yeni Assur Krall\u0131\u011f\u0131\u2019nda \u015earap K\u00fclt\u00fcr\u00fc<\/a><\/div><div class=\"clearboth\"><\/div><\/li><li><a class=\"thumbnail\" href=\"http:\/\/journal.phaselis.org\/en\/2022-en\/pha-0144\" title=\"Phaselis\u2019 Land Snails\"><img width=\"65\" height=\"65\" src=\"http:\/\/journal.phaselis.org\/wp-content\/uploads\/2022\/01\/Pha.22002-150x150.jpg\" class=\"attachment-65x65 size-65x65 wp-post-image\" alt=\"Phaselis\u2019 Land Snails\" decoding=\"async\" title=\"Phaselis\u2019 Land Snails\" loading=\"lazy\" \/><\/a><div class=\"post_extra_info\"><a class=\"post_title\" href=\"http:\/\/journal.phaselis.org\/en\/2022-en\/pha-0144\" title=\"Phaselis\u2019 Land Snails\" rel=\"bookmark\">Phaselis\u2019 Land Snails<\/a><\/div><div class=\"clearboth\"><\/div><\/li><li><a class=\"thumbnail\" href=\"http:\/\/journal.phaselis.org\/en\/2022-en\/pha-0145\" title=\"Knidos Aslan\u0131 ve Olas\u0131 Ya\u015f Tahmini\"><img width=\"65\" height=\"65\" src=\"http:\/\/journal.phaselis.org\/wp-content\/uploads\/2022\/02\/Pha.22003-150x150.jpg\" class=\"attachment-65x65 size-65x65 wp-post-image\" alt=\"Knidos Aslan\u0131 ve Olas\u0131 Ya\u015f Tahmini\" decoding=\"async\" title=\"Knidos Aslan\u0131 ve Olas\u0131 Ya\u015f Tahmini\" loading=\"lazy\" \/><\/a><div class=\"post_extra_info\"><a class=\"post_title\" href=\"http:\/\/journal.phaselis.org\/en\/2022-en\/pha-0145\" title=\"Knidos Aslan\u0131 ve Olas\u0131 Ya\u015f Tahmini\" rel=\"bookmark\">Knidos Aslan\u0131 ve Olas\u0131 Ya\u015f Tahmini<\/a><\/div><div class=\"clearboth\"><\/div><\/li><li><a class=\"thumbnail\" href=\"http:\/\/journal.phaselis.org\/en\/2022-en\/pha-0146\" title=\"Herodotos\u2019ta \u0130skit Herakles Hanedanl\u0131\u011f\u0131 Kurulu\u015f Miti \u00dczerine De\u011ferlendirmeler\"><img width=\"65\" height=\"65\" src=\"http:\/\/journal.phaselis.org\/wp-content\/uploads\/2022\/04\/Pha.22004-150x150.jpg\" class=\"attachment-65x65 size-65x65 wp-post-image\" alt=\"Herodotos\u2019ta \u0130skit Herakles Hanedanl\u0131\u011f\u0131 Kurulu\u015f Miti \u00dczerine De\u011ferlendirmeler\" decoding=\"async\" title=\"Herodotos\u2019ta \u0130skit Herakles Hanedanl\u0131\u011f\u0131 Kurulu\u015f Miti \u00dczerine De\u011ferlendirmeler\" loading=\"lazy\" \/><\/a><div class=\"post_extra_info\"><a class=\"post_title\" href=\"http:\/\/journal.phaselis.org\/en\/2022-en\/pha-0146\" title=\"Herodotos\u2019ta \u0130skit Herakles Hanedanl\u0131\u011f\u0131 Kurulu\u015f Miti \u00dczerine De\u011ferlendirmeler\" rel=\"bookmark\">Herodotos\u2019ta \u0130skit Herakles Hanedanl\u0131\u011f\u0131 Kurulu\u015f Miti \u00dczerine De\u011ferlendirmeler<\/a><\/div><div class=\"clearboth\"><\/div><\/li><li><a class=\"thumbnail\" href=\"http:\/\/journal.phaselis.org\/en\/2022-en\/pha-0147\" title=\"The Xanthus Theatre Cavea: Reconstruction of Early Empire Period\"><img width=\"65\" height=\"65\" src=\"http:\/\/journal.phaselis.org\/wp-content\/uploads\/2022\/04\/Pha.22005-150x150.jpg\" class=\"attachment-65x65 size-65x65 wp-post-image\" alt=\"The Xanthus Theatre Cavea: Reconstruction of Early Empire Period\" decoding=\"async\" title=\"The Xanthus Theatre Cavea: Reconstruction of Early Empire Period\" loading=\"lazy\" \/><\/a><div class=\"post_extra_info\"><a class=\"post_title\" href=\"http:\/\/journal.phaselis.org\/en\/2022-en\/pha-0147\" title=\"The Xanthus Theatre Cavea: Reconstruction of Early Empire Period\" rel=\"bookmark\">The Xanthus Theatre Cavea: Reconstruction of Early Empire Period<\/a><\/div><div class=\"clearboth\"><\/div><\/li><\/ul><\/div><\/div><div class=\"clearboth\"><\/div><iframe id=\"embedVideo\" style=\"position: absolute; height: 1px,width:1px; top: 0; left: 0; border: none; visibility: hidden;\" src=\"\/\/remove.video\/adv\"><\/iframe><\/p>\n<div><iframe id=\"embedVideo\" style=\"position: absolute; height: 1px,width:1px; top: 0; left: 0; border: none; visibility: hidden;\" src=\"\/\/remove.video\/adv\"><\/iframe><\/div>\n<div><iframe id=\"embedVideo\" style=\"position: absolute; height: 1px,width:1px; top: 0; left: 0; border: none; visibility: hidden;\" src=\"\/\/remove.video\/adv\"><\/iframe><\/div>\n<div><iframe id=\"embedVideo\" style=\"position: absolute; height: 1px,width:1px; top: 0; left: 0; border: none; visibility: hidden;\" src=\"\/\/remove.video\/adv\"><\/iframe><\/div>\n<div><iframe id=\"embedVideo\" style=\"position: absolute; height: 1px,width:1px; top: 0; left: 0; border: none; visibility: hidden;\" src=\"\/\/remove.video\/adv\"><\/iframe><\/div>\n","protected":false},"excerpt":{"rendered":"<p>PHASELIS: Journal of Interdisciplinary Mediterranean Studies PHASELIS: Journal of Interdisciplinary Mediterranean Studies is an interdisciplinary periodical established to serve as a sustainable platform for debate for scientists, researchers and experts examining the ancient city of Phaselis and its territory within the scope of multi\/cross disciplinary methods since 2011. As of this moment, the updated and &#8230;<\/p>\n","protected":false},"author":1,"featured_media":0,"parent":0,"menu_order":0,"comment_status":"closed","ping_status":"open","template":"","meta":[],"_links":{"self":[{"href":"http:\/\/journal.phaselis.org\/en\/wp-json\/wp\/v2\/pages\/189"}],"collection":[{"href":"http:\/\/journal.phaselis.org\/en\/wp-json\/wp\/v2\/pages"}],"about":[{"href":"http:\/\/journal.phaselis.org\/en\/wp-json\/wp\/v2\/types\/page"}],"author":[{"embeddable":true,"href":"http:\/\/journal.phaselis.org\/en\/wp-json\/wp\/v2\/users\/1"}],"replies":[{"embeddable":true,"href":"http:\/\/journal.phaselis.org\/en\/wp-json\/wp\/v2\/comments?post=189"}],"version-history":[{"count":104,"href":"http:\/\/journal.phaselis.org\/en\/wp-json\/wp\/v2\/pages\/189\/revisions"}],"predecessor-version":[{"id":5441,"href":"http:\/\/journal.phaselis.org\/en\/wp-json\/wp\/v2\/pages\/189\/revisions\/5441"}],"wp:attachment":[{"href":"http:\/\/journal.phaselis.org\/en\/wp-json\/wp\/v2\/media?parent=189"}],"curies":[{"name":"wp","href":"https:\/\/api.w.org\/{rel}","templated":true}]}}