{"id":197,"date":"2015-06-16T11:19:38","date_gmt":"2015-06-16T08:19:38","guid":{"rendered":"http:\/\/journal.phaselis.org\/en\/?page_id=197"},"modified":"2024-10-04T08:56:58","modified_gmt":"2024-10-04T05:56:58","slug":"contact","status":"publish","type":"page","link":"http:\/\/journal.phaselis.org\/en\/contact","title":{"rendered":"Contact"},"content":{"rendered":"<div class=\"one_half\"><h4><strong>Address<\/strong><\/h4>\n<p><strong>Phaselis Research Station (Phaselis Ara\u015ft\u0131rma \u0130stasyonu)<br \/>\n<\/strong>T.C. K\u00fclt\u00fcr ve Turizm Bakanl\u0131\u011f\u0131 ve Akdeniz \u00dcniversitesi<br \/>\nPhaselis Ara\u015ft\u0131rma \u0130stasyonu<strong><br \/>\n<\/strong>Phaselis Antik Kenti, Tekirova \/ Antalya<br \/>\nAntalya-Kumluca Yolu 57. km.<\/p>\n<p><strong>Akdeniz University<\/strong><br \/>\nPhaselis Ara\u015ft\u0131rmalar\u0131<br \/>\nMediterranean Civilisations Research Institute<br \/>\nAkdeniz Eski\u00e7a\u011f Ara\u015ft\u0131rmalar\u0131 Ana Bilim Dal\u0131<br \/>\nCampus \/ Antalya \/ TURKEY\u00a0 07058<\/p><\/div>\n<div class=\"one_half last\"><h4>Contact<\/h4>\n<p><strong>Phaselis Journal<br \/>\n<\/strong>Web: http:\/\/journal.phaselis.org<br \/>\nE-posta: phaselis@akdeniz.edu.tr<br \/>\nTel: +90242 227 4400 (4168-20)<\/p>\n<p>&nbsp;<\/p><\/div><div class=\"clearboth\"><\/div>\n","protected":false},"excerpt":{"rendered":"","protected":false},"author":1,"featured_media":0,"parent":0,"menu_order":99,"comment_status":"closed","ping_status":"closed","template":"","meta":[],"_links":{"self":[{"href":"http:\/\/journal.phaselis.org\/en\/wp-json\/wp\/v2\/pages\/197"}],"collection":[{"href":"http:\/\/journal.phaselis.org\/en\/wp-json\/wp\/v2\/pages"}],"about":[{"href":"http:\/\/journal.phaselis.org\/en\/wp-json\/wp\/v2\/types\/page"}],"author":[{"embeddable":true,"href":"http:\/\/journal.phaselis.org\/en\/wp-json\/wp\/v2\/users\/1"}],"replies":[{"embeddable":true,"href":"http:\/\/journal.phaselis.org\/en\/wp-json\/wp\/v2\/comments?post=197"}],"version-history":[{"count":8,"href":"http:\/\/journal.phaselis.org\/en\/wp-json\/wp\/v2\/pages\/197\/revisions"}],"predecessor-version":[{"id":5491,"href":"http:\/\/journal.phaselis.org\/en\/wp-json\/wp\/v2\/pages\/197\/revisions\/5491"}],"wp:attachment":[{"href":"http:\/\/journal.phaselis.org\/en\/wp-json\/wp\/v2\/media?parent=197"}],"curies":[{"name":"wp","href":"https:\/\/api.w.org\/{rel}","templated":true}]}}