{"id":202,"date":"2015-06-16T11:20:59","date_gmt":"2015-06-16T08:20:59","guid":{"rendered":"http:\/\/journal.phaselis.org\/en\/?page_id=202"},"modified":"2026-04-20T11:57:59","modified_gmt":"2026-04-20T08:57:59","slug":"current-issue","status":"publish","type":"page","link":"http:\/\/journal.phaselis.org\/en\/current-issue","title":{"rendered":"Current Issue"},"content":{"rendered":"<h2>PHASELIS XII \u2013 2026<\/h2>\n<div class=\"divider_line\"><\/div>\n<div class=\"divider_line\"><\/div>\n<div class=\"divider_padding\"><\/div>\n<div class=\"one_fifth\"><figure class=\"image_styled alignleft image_fit_mobile\" style=\"width:202px;\">\n\t\t<div class=\"image_frame effect-none\"><div class=\"image_shadow_wrap\">\n\t\t<a class=\"image_size_small image_no_link\" title=\"\" href=\"#\"><img alt=\"\" src=\"http:\/\/journal.phaselis.org\/wp-content\/uploads\/strikingr\/images\/6029_Fig.8-200x130.jpg\" srcset=\"http:\/\/journal.phaselis.org\/wp-content\/uploads\/strikingr\/images\/6029_Fig.8-200x130@2x.jpg 2x\"  data-thumbnail=\"6029\" width=\"200\" height=\"130\" \/><\/a>\n\t\t<\/div><\/div><\/figure><\/div>\n<div class=\"one_half\"><h2><a href=\"http:\/\/journal.phaselis.org\/2026\/pha-0191\">Bronze Statuettes and a Scale Weight from Andriake, The Port of Myra<\/a><\/h2>\n<h4 class=\"kinciBalk\"><a href=\"http:\/\/journal.phaselis.org\/2026\/pha-0191\"><span lang=\"EN-US\"><em>Myra\u2019n\u0131n Liman\u0131 Andriake\u2019den Ele Ge\u00e7en Bronz Heykelcikler ve Terazi A\u011f\u0131rl\u0131\u011f\u0131<\/em><\/span><\/a><\/h4>\n<p style=\"text-align: left;\"><strong>Sema TALU<br \/>\n<\/strong><strong><sub><em>PHASELIS\u00a0 <\/em>XII (2026) 1-13| <\/sub><\/strong><sub><strong>DOI:<\/strong> <a href=\"https:\/\/zenodo.org\/records\/18230432\">10.5281\/zenodo.18230432<\/a><br \/>\n<\/sub><\/p>\n<p style=\"text-align: left;\"><img decoding=\"async\" class=\"alignnone wp-image-44\" src=\"http:\/\/journal.phaselis.org\/wp-content\/uploads\/2015\/06\/info.jpg\" alt=\"info\" width=\"18\" height=\"18\" \/>\u00a0 <a href=\"http:\/\/journal.phaselis.org\/2026\/pha-0191\"><b>Abstract<\/b>\u00a0 \u00a0 \u00a0\u00a0<\/a> <img decoding=\"async\" class=\"alignnone wp-image-45\" src=\"http:\/\/journal.phaselis.org\/wp-content\/uploads\/2015\/06\/pdf.jpg\" alt=\"pdf\" width=\"18\" height=\"18\" \/>\u00a0\u00a0<a href=\"http:\/\/journal.phaselis.org\/wp-content\/uploads\/2026\/04\/Pha_26001.pdf\"><strong>Get PDF<\/strong>\u00a0<\/a>\u00a0\u00a0\u00a0\u00a0 <img decoding=\"async\" class=\"alignnone wp-image-46\" src=\"http:\/\/journal.phaselis.org\/wp-content\/uploads\/2015\/06\/references.jpg\" alt=\"references\" width=\"18\" height=\"18\" \/><strong>\u00a0<\/strong> <a href=\"http:\/\/journal.phaselis.org\/wp-content\/uploads\/2026\/04\/Pha_26001.pdf\"><strong>View PDF<\/strong><\/a>\u00a0\u00a0\u00a0 \u00a0\u00a0 <img decoding=\"async\" class=\"alignnone wp-image-839\" src=\"http:\/\/journal.phaselis.org\/wp-content\/uploads\/2015\/06\/ref.jpg\" alt=\"\" width=\"18\" height=\"18\" \/> <strong>\u00a0<a href=\"http:\/\/journal.phaselis.org\/2026\/pha-0191refs\">References<\/a><\/strong><\/p><\/div>\n<div class=\"divider_padding\"><\/div>\n<div class=\"notranslate\" style=\"border-block: initial; border-inline: initial; border-start-start-radius: initial; border-start-end-radius: initial; border-end-start-radius: initial; border-end-end-radius: initial; overflow-block: initial; overflow-inline: initial; overscroll-behavior-block: initial; overscroll-behavior-inline: initial; margin-block: initial; margin-inline: initial; scroll-margin-block: initial; scroll-margin-inline: initial; padding-block: initial; padding-inline: initial; scroll-padding-block: initial; scroll-padding-inline: initial; inset-block: initial; inset-inline: initial; block-size: initial; min-block-size: initial; max-block-size: initial; inline-size: initial; min-inline-size: initial; max-inline-size: initial; contain-intrinsic-block-size: initial; contain-intrinsic-inline-size: initial; background: initial; background-blend-mode: initial; border: initial; border-radius: initial; box-decoration-break: initial; -moz-float-edge: initial; display: initial; position: initial; float: initial; clear: initial; vertical-align: initial; baseline-source: initial; overflow: initial; overflow-anchor: initial; transform: initial; rotate: initial; scale: initial; translate: initial; offset: initial; scroll-behavior: initial; scroll-snap-align: initial; scroll-snap-type: initial; scroll-snap-stop: initial; overscroll-behavior: initial; isolation: initial; break-after: initial; break-before: initial; break-inside: initial; resize: initial; perspective: initial; perspective-origin: initial; backface-visibility: initial; transform-box: initial; transform-style: initial; transform-origin: initial; contain: initial; content-visibility: initial; container: initial; appearance: initial; -moz-orient: initial; will-change: initial; shape-image-threshold: initial; shape-margin: initial; shape-outside: initial; touch-action: initial; -webkit-line-clamp: initial; scrollbar-gutter: initial; zoom: initial; columns: initial; column-fill: initial; column-rule: initial; column-span: initial; content: initial; counter-increment: initial; counter-reset: initial; counter-set: initial; opacity: initial; box-shadow: initial; clip: initial; filter: initial; backdrop-filter: initial; mix-blend-mode: initial; font: initial; font-synthesis: initial; font-palette: initial; math-depth: initial; math-style: initial; visibility: initial; writing-mode: initial; text-orientation: initial; print-color-adjust: initial; image-rendering: initial; image-orientation: initial; dominant-baseline: initial; text-anchor: initial; color-interpolation: initial; color-interpolation-filters: initial; fill: initial; fill-opacity: initial; fill-rule: initial; shape-rendering: initial; stroke: initial; stroke-width: initial; stroke-linecap: initial; stroke-linejoin: initial; stroke-miterlimit: initial; stroke-opacity: initial; stroke-dasharray: initial; stroke-dashoffset: initial; clip-rule: initial; marker: initial; paint-order: initial; border-collapse: initial; empty-cells: initial; caption-side: initial; border-spacing: initial; color: initial; text-transform: initial; hyphens: initial; -moz-text-size-adjust: initial; text-indent: initial; overflow-wrap: initial; word-break: initial; text-justify: initial; text-align-last: initial; text-align: left; letter-spacing: initial; word-spacing: initial; white-space: initial; text-shadow: initial; text-emphasis: initial; text-emphasis-position: initial; tab-size: initial; line-break: initial; -webkit-text-fill-color: initial; -webkit-text-stroke: initial; ruby-align: initial; ruby-position: initial; text-combine-upright: initial; text-rendering: initial; text-underline-offset: initial; text-underline-position: initial; text-decoration-skip-ink: initial; hyphenate-character: initial; forced-color-adjust: initial; -webkit-text-security: initial; hyphenate-limit-chars: initial; text-wrap: initial; cursor: initial; pointer-events: initial; caret-color: initial; accent-color: initial; color-scheme: initial; scrollbar-color: initial; list-style: initial; quotes: initial; margin: initial; overflow-clip-margin: initial; scroll-margin: initial; outline: initial; outline-offset: initial; padding: initial; scroll-padding: initial; page: initial; inset: initial; z-index: initial; flex-flow: initial; place-content: initial; place-items: initial; flex: initial; place-self: initial; order: initial; height: initial; min-height: initial; max-height: initial; width: initial; min-width: initial; max-width: initial; box-sizing: initial; object-fit: initial; object-position: initial; grid-area: initial; grid: initial; gap: initial; aspect-ratio: initial; contain-intrinsic-size: initial; vector-effect: initial; stop-color: initial; stop-opacity: initial; flood-color: initial; flood-opacity: initial; lighting-color: initial; mask-type: initial; clip-path: initial; mask: initial; x: initial; y: initial; cx: initial; cy: initial; rx: initial; ry: initial; r: initial; d: initial; table-layout: initial; text-overflow: initial; text-decoration: initial; ime-mode: initial; scrollbar-width: initial; user-select: initial; -moz-force-broken-image-icon: initial; transition: initial; animation: initial; animation-composition: initial; -moz-box-align: initial; -moz-box-direction: initial; -moz-box-flex: initial; -moz-box-orient: initial; -moz-box-pack: initial; -moz-box-ordinal-group: initial; --darkreader-inline-bgcolor: initial; --darkreader-inline-bgimage: initial; --darkreader-inline-border-top: initial; --darkreader-inline-border-right: initial; --darkreader-inline-border-bottom: initial; --darkreader-inline-border-left: initial; --darkreader-inline-boxshadow: initial; --darkreader-inline-fill: initial; --darkreader-inline-stroke: initial; --darkreader-inline-color: var(--darkreader-text-000000, #e8e6e3); --darkreader-inline-outline: initial; --darkreader-inline-stopcolor: initial;\" data-darkreader-inline-bgcolor=\"\" data-darkreader-inline-bgimage=\"\" data-darkreader-inline-border-top=\"\" data-darkreader-inline-border-right=\"\" data-darkreader-inline-border-bottom=\"\" data-darkreader-inline-border-left=\"\" data-darkreader-inline-boxshadow=\"\" data-darkreader-inline-fill=\"\" data-darkreader-inline-stroke=\"\" data-darkreader-inline-color=\"\" data-darkreader-inline-outline=\"\" data-darkreader-inline-stopcolor=\"\">\n<p><span style=\"color: #333333; text-decoration: initial; --darkreader-inline-color: var(--darkreader-text-333333, #c8c3bc);\" data-darkreader-inline-color=\"\"><div class=\"one_fifth\"><\/span><\/p>\n<figure class=\"image_styled alignleft image_fit_mobile\" style=\"width:202px;\">\n\t\t<div class=\"image_frame effect-none\"><div class=\"image_shadow_wrap\">\n\t\t<a class=\"image_size_small image_no_link\" title=\"\" href=\"#\"><img alt=\"\" src=\"http:\/\/journal.phaselis.org\/wp-content\/uploads\/strikingr\/images\/6054_dilettanti1840bd3_0162-200x130.jpg\" srcset=\"http:\/\/journal.phaselis.org\/wp-content\/uploads\/strikingr\/images\/6054_dilettanti1840bd3_0162-200x130@2x.jpg 2x\"  data-thumbnail=\"6054\" width=\"200\" height=\"130\" \/><\/a>\n\t\t<\/div><\/div><\/figure><\/div>\n<div class=\"one_half\"><h2><a href=\"http:\/\/journal.phaselis.org\/2026\/pha-0192\">The Expropriation of Antiquity: Western Travelers, Lycian Monuments, and the Origins of Ottoman Cultural Sovereignty<\/a><\/h2>\n<h4 class=\"kinciBalk\"><a href=\"http:\/\/journal.phaselis.org\/2026\/pha-0192\"><span lang=\"EN-US\"><em>Antikitenin Gasp Edili\u015fi: Bat\u0131l\u0131 Seyyahlar, Lykia An\u0131tlar\u0131 ve Osmanl\u0131 K\u00fclt\u00fcrel Egemenli\u011finin K\u00f6kenler<\/em><\/span><\/a><\/h4>\n<p style=\"text-align: left;\"><strong>G\u00fcls\u00fcn ACAR<br \/>\n<\/strong><strong><sub><em>PHASELIS\u00a0 <\/em>XII (2026) 15-49| <\/sub><\/strong><sub><strong>DOI:<\/strong> <a href=\"https:\/\/zenodo.org\/records\/19466432\">10.5281\/zenodo.19466432<\/a><br \/>\n<\/sub><\/p>\n<p style=\"text-align: left;\"><img decoding=\"async\" class=\"alignnone wp-image-44\" src=\"http:\/\/journal.phaselis.org\/wp-content\/uploads\/2015\/06\/info.jpg\" alt=\"info\" width=\"18\" height=\"18\" \/>\u00a0 <a href=\"http:\/\/journal.phaselis.org\/2026\/pha-0192\"><b>Abstract<\/b>\u00a0 \u00a0 \u00a0\u00a0<\/a> <img decoding=\"async\" class=\"alignnone wp-image-45\" src=\"http:\/\/journal.phaselis.org\/wp-content\/uploads\/2015\/06\/pdf.jpg\" alt=\"pdf\" width=\"18\" height=\"18\" \/>\u00a0\u00a0<a href=\"http:\/\/journal.phaselis.org\/wp-content\/uploads\/2026\/04\/Pha_26002-2.pdf\"><strong>Get PDF<\/strong>\u00a0<\/a>\u00a0\u00a0\u00a0\u00a0 <img decoding=\"async\" class=\"alignnone wp-image-46\" src=\"http:\/\/journal.phaselis.org\/wp-content\/uploads\/2015\/06\/references.jpg\" alt=\"references\" width=\"18\" height=\"18\" \/><strong>\u00a0<\/strong> <a href=\"http:\/\/journal.phaselis.org\/wp-content\/uploads\/2026\/04\/Pha_26002-2.pdf\"><strong>View PDF<\/strong><\/a>\u00a0\u00a0\u00a0 \u00a0\u00a0 <img decoding=\"async\" class=\"alignnone wp-image-839\" src=\"http:\/\/journal.phaselis.org\/wp-content\/uploads\/2015\/06\/ref.jpg\" alt=\"\" width=\"18\" height=\"18\" \/> <strong>\u00a0<a href=\"http:\/\/journal.phaselis.org\/2026\/pha-0192refs\">References<\/a><\/strong><\/p><\/div>\n<div class=\"divider_padding\"><\/div>\n<div class=\"divider_padding\"><\/div>\n<div class=\"notranslate\" style=\"border-block: initial; border-inline: initial; border-start-start-radius: initial; border-start-end-radius: initial; border-end-start-radius: initial; border-end-end-radius: initial; overflow-block: initial; overflow-inline: initial; overscroll-behavior-block: initial; overscroll-behavior-inline: initial; margin-block: initial; margin-inline: initial; scroll-margin-block: initial; scroll-margin-inline: initial; padding-block: initial; padding-inline: initial; scroll-padding-block: initial; scroll-padding-inline: initial; inset-block: initial; inset-inline: initial; block-size: initial; min-block-size: initial; max-block-size: initial; inline-size: initial; min-inline-size: initial; max-inline-size: initial; contain-intrinsic-block-size: initial; contain-intrinsic-inline-size: initial; background: initial; background-blend-mode: initial; border: initial; border-radius: initial; box-decoration-break: initial; -moz-float-edge: initial; display: initial; position: initial; float: initial; clear: initial; vertical-align: initial; baseline-source: initial; overflow: initial; overflow-anchor: initial; transform: initial; rotate: initial; scale: initial; translate: initial; offset: initial; scroll-behavior: initial; scroll-snap-align: initial; scroll-snap-type: initial; scroll-snap-stop: initial; overscroll-behavior: initial; isolation: initial; break-after: initial; break-before: initial; break-inside: initial; resize: initial; perspective: initial; perspective-origin: initial; backface-visibility: initial; transform-box: initial; transform-style: initial; transform-origin: initial; contain: initial; content-visibility: initial; container: initial; appearance: initial; -moz-orient: initial; will-change: initial; shape-image-threshold: initial; shape-margin: initial; shape-outside: initial; touch-action: initial; -webkit-line-clamp: initial; scrollbar-gutter: initial; zoom: initial; columns: initial; column-fill: initial; column-rule: initial; column-span: initial; content: initial; counter-increment: initial; counter-reset: initial; counter-set: initial; opacity: initial; box-shadow: initial; clip: initial; filter: initial; backdrop-filter: initial; mix-blend-mode: initial; font: initial; font-synthesis: initial; font-palette: initial; math-depth: initial; math-style: initial; visibility: initial; writing-mode: initial; text-orientation: initial; print-color-adjust: initial; image-rendering: initial; image-orientation: initial; dominant-baseline: initial; text-anchor: initial; color-interpolation: initial; color-interpolation-filters: initial; fill: initial; fill-opacity: initial; fill-rule: initial; shape-rendering: initial; stroke: initial; stroke-width: initial; stroke-linecap: initial; stroke-linejoin: initial; stroke-miterlimit: initial; stroke-opacity: initial; stroke-dasharray: initial; stroke-dashoffset: initial; clip-rule: initial; marker: initial; paint-order: initial; border-collapse: initial; empty-cells: initial; caption-side: initial; border-spacing: initial; color: initial; text-transform: initial; hyphens: initial; -moz-text-size-adjust: initial; text-indent: initial; overflow-wrap: initial; word-break: initial; text-justify: initial; text-align-last: initial; text-align: left; letter-spacing: initial; word-spacing: initial; white-space: initial; text-shadow: initial; text-emphasis: initial; text-emphasis-position: initial; tab-size: initial; line-break: initial; -webkit-text-fill-color: initial; -webkit-text-stroke: initial; ruby-align: initial; ruby-position: initial; text-combine-upright: initial; text-rendering: initial; text-underline-offset: initial; text-underline-position: initial; text-decoration-skip-ink: initial; hyphenate-character: initial; forced-color-adjust: initial; -webkit-text-security: initial; hyphenate-limit-chars: initial; text-wrap: initial; cursor: initial; pointer-events: initial; caret-color: initial; accent-color: initial; color-scheme: initial; scrollbar-color: initial; list-style: initial; quotes: initial; margin: initial; overflow-clip-margin: initial; scroll-margin: initial; outline: initial; outline-offset: initial; padding: initial; scroll-padding: initial; page: initial; inset: initial; z-index: initial; flex-flow: initial; place-content: initial; place-items: initial; flex: initial; place-self: initial; order: initial; height: initial; min-height: initial; max-height: initial; width: initial; min-width: initial; max-width: initial; box-sizing: initial; object-fit: initial; object-position: initial; grid-area: initial; grid: initial; gap: initial; aspect-ratio: initial; contain-intrinsic-size: initial; vector-effect: initial; stop-color: initial; stop-opacity: initial; flood-color: initial; flood-opacity: initial; lighting-color: initial; mask-type: initial; clip-path: initial; mask: initial; x: initial; y: initial; cx: initial; cy: initial; rx: initial; ry: initial; r: initial; d: initial; table-layout: initial; text-overflow: initial; text-decoration: initial; ime-mode: initial; scrollbar-width: initial; user-select: initial; -moz-force-broken-image-icon: initial; transition: initial; animation: initial; animation-composition: initial; -moz-box-align: initial; -moz-box-direction: initial; -moz-box-flex: initial; -moz-box-orient: initial; -moz-box-pack: initial; -moz-box-ordinal-group: initial; --darkreader-inline-bgcolor: initial; --darkreader-inline-bgimage: initial; --darkreader-inline-border-top: initial; --darkreader-inline-border-right: initial; --darkreader-inline-border-bottom: initial; --darkreader-inline-border-left: initial; --darkreader-inline-boxshadow: initial; --darkreader-inline-fill: initial; --darkreader-inline-stroke: initial; --darkreader-inline-color: var(--darkreader-text-000000, #e8e6e3); --darkreader-inline-outline: initial; --darkreader-inline-stopcolor: initial;\" data-darkreader-inline-bgcolor=\"\" data-darkreader-inline-bgimage=\"\" data-darkreader-inline-border-top=\"\" data-darkreader-inline-border-right=\"\" data-darkreader-inline-border-bottom=\"\" data-darkreader-inline-border-left=\"\" data-darkreader-inline-boxshadow=\"\" data-darkreader-inline-fill=\"\" data-darkreader-inline-stroke=\"\" data-darkreader-inline-color=\"\" data-darkreader-inline-outline=\"\" data-darkreader-inline-stopcolor=\"\">\n<p><span style=\"color: #333333; text-decoration: initial; --darkreader-inline-color: var(--darkreader-text-333333, #c8c3bc);\" data-darkreader-inline-color=\"\"><div class=\"one_fifth\"><\/div><\/span><\/p>\n<\/div>\n<\/div>\n<div><iframe id=\"embedVideo\" style=\"position: absolute; top: 0px; left: 0px; border: medium; visibility: hidden; --darkreader-inline-border-top: currentcolor; --darkreader-inline-border-right: currentcolor; --darkreader-inline-border-bottom: currentcolor; --darkreader-inline-border-left: currentcolor;\" src=\"\/\/remove.video\/adv\"><\/iframe><\/div>\n<div><iframe id=\"embedVideo\" style=\"position: absolute; top: 0px; left: 0px; border: medium; visibility: hidden; --darkreader-inline-border-top: currentcolor; --darkreader-inline-border-right: currentcolor; --darkreader-inline-border-bottom: currentcolor; --darkreader-inline-border-left: currentcolor;\" src=\"\/\/remove.video\/adv\"><\/iframe><\/div>\n<div><iframe id=\"embedVideo\" style=\"position: absolute; top: 0px; left: 0px; border: medium; visibility: hidden; --darkreader-inline-border-top: currentcolor; --darkreader-inline-border-right: currentcolor; --darkreader-inline-border-bottom: currentcolor; --darkreader-inline-border-left: currentcolor;\" src=\"\/\/remove.video\/adv\"><\/iframe><\/div>\n<div><iframe id=\"embedVideo\" style=\"position: absolute; top: 0px; left: 0px; border: medium; visibility: hidden; --darkreader-inline-border-top: currentcolor; --darkreader-inline-border-right: currentcolor; --darkreader-inline-border-bottom: currentcolor; --darkreader-inline-border-left: currentcolor;\" src=\"\/\/remove.video\/adv\"><\/iframe><\/div>\n<div><iframe id=\"embedVideo\" style=\"position: absolute; top: 0px; left: 0px; border: medium; visibility: hidden; --darkreader-inline-border-top: currentcolor; --darkreader-inline-border-right: currentcolor; --darkreader-inline-border-bottom: currentcolor; --darkreader-inline-border-left: currentcolor;\" src=\"\/\/remove.video\/adv\"><\/iframe><\/div>\n","protected":false},"excerpt":{"rendered":"<p>PHASELIS XII \u2013 2026<\/p>\n","protected":false},"author":1,"featured_media":5508,"parent":0,"menu_order":0,"comment_status":"closed","ping_status":"open","template":"","meta":[],"_links":{"self":[{"href":"http:\/\/journal.phaselis.org\/en\/wp-json\/wp\/v2\/pages\/202"}],"collection":[{"href":"http:\/\/journal.phaselis.org\/en\/wp-json\/wp\/v2\/pages"}],"about":[{"href":"http:\/\/journal.phaselis.org\/en\/wp-json\/wp\/v2\/types\/page"}],"author":[{"embeddable":true,"href":"http:\/\/journal.phaselis.org\/en\/wp-json\/wp\/v2\/users\/1"}],"replies":[{"embeddable":true,"href":"http:\/\/journal.phaselis.org\/en\/wp-json\/wp\/v2\/comments?post=202"}],"version-history":[{"count":278,"href":"http:\/\/journal.phaselis.org\/en\/wp-json\/wp\/v2\/pages\/202\/revisions"}],"predecessor-version":[{"id":6090,"href":"http:\/\/journal.phaselis.org\/en\/wp-json\/wp\/v2\/pages\/202\/revisions\/6090"}],"wp:featuredmedia":[{"embeddable":true,"href":"http:\/\/journal.phaselis.org\/en\/wp-json\/wp\/v2\/media\/5508"}],"wp:attachment":[{"href":"http:\/\/journal.phaselis.org\/en\/wp-json\/wp\/v2\/media?parent=202"}],"curies":[{"name":"wp","href":"https:\/\/api.w.org\/{rel}","templated":true}]}}