{"id":5105,"date":"2023-03-16T16:36:18","date_gmt":"2023-03-16T13:36:18","guid":{"rendered":"http:\/\/journal.phaselis.org\/yayinlar"},"modified":"2023-03-20T14:14:34","modified_gmt":"2023-03-20T11:14:34","slug":"publication","status":"publish","type":"page","link":"http:\/\/journal.phaselis.org\/en\/publication","title":{"rendered":"Publication"},"content":{"rendered":"<h2 style=\"text-align: center;\">PUBLICATION<\/h2>\n<div class=\"divider_line\"><\/div>\n<div class=\"divider_line\"><\/div>\n<div class=\"divider_padding\"><\/div>\n<div class=\"one_fifth\"><\/div>\n<div class=\"one_half\"><h2><a href=\"http:\/\/journal.phaselis.org\/yayinlar\/pha-0163\"><strong>Amphora Buluntular\u0131 I\u015f\u0131\u011f\u0131nda Phaselis&#8217;in Akdeniz Ticaretindeki Yeri<\/strong><\/a><\/h2>\n<h4><a href=\"http:\/\/journal.phaselis.org\/en\/yayinlar\/pha-0163\"><strong><em><span lang=\"EN-US\">The Place of Phaselis in Mediterranean Trade in the Light of Amphora Finds<\/span><\/em><\/strong><\/a><\/h4>\n<p style=\"text-align: left;\"><strong>U\u011furcan ORHAN<\/strong><strong><br \/>\n<\/strong><strong><sub><em>PHASELIS Ekyay\u0131n Dizisi I\u00a0<\/em>| <em>PHASELIS Supplementary Series I<\/em><\/sub><\/strong><sub><br \/>\n<\/sub><\/p>\n<p style=\"text-align: left;\">\u00a0<img decoding=\"async\" class=\"alignnone wp-image-45\" src=\"http:\/\/journal.phaselis.org\/wp-content\/uploads\/2015\/06\/pdf.jpg\" alt=\"pdf\" width=\"18\" height=\"18\" \/>\u00a0\u00a0<a href=\"http:\/\/proje.akdeniz.edu.tr\/mcri\/ekyayinlar\/Pha_1_amphora.pdf\"><strong>Get PDF<\/strong><\/a>\u00a0\u00a0\u00a0\u00a0 <img decoding=\"async\" class=\"alignnone wp-image-46\" src=\"http:\/\/journal.phaselis.org\/wp-content\/uploads\/2015\/06\/references.jpg\" alt=\"references\" width=\"18\" height=\"18\" \/><strong>\u00a0<\/strong> <a href=\"http:\/\/proje.akdeniz.edu.tr\/mcri\/ekyayinlar\/Pha_1_amphora.pdf\"><strong>View PDF<\/strong><\/a><\/p><\/div>\n<div class=\"divider_padding\"><\/div>\n<div class=\"divider_line\"><\/div>\n","protected":false},"excerpt":{"rendered":"<p>PUBLICATION<\/p>\n","protected":false},"author":1,"featured_media":0,"parent":0,"menu_order":0,"comment_status":"closed","ping_status":"closed","template":"","meta":[],"_links":{"self":[{"href":"http:\/\/journal.phaselis.org\/en\/wp-json\/wp\/v2\/pages\/5105"}],"collection":[{"href":"http:\/\/journal.phaselis.org\/en\/wp-json\/wp\/v2\/pages"}],"about":[{"href":"http:\/\/journal.phaselis.org\/en\/wp-json\/wp\/v2\/types\/page"}],"author":[{"embeddable":true,"href":"http:\/\/journal.phaselis.org\/en\/wp-json\/wp\/v2\/users\/1"}],"replies":[{"embeddable":true,"href":"http:\/\/journal.phaselis.org\/en\/wp-json\/wp\/v2\/comments?post=5105"}],"version-history":[{"count":11,"href":"http:\/\/journal.phaselis.org\/en\/wp-json\/wp\/v2\/pages\/5105\/revisions"}],"predecessor-version":[{"id":5169,"href":"http:\/\/journal.phaselis.org\/en\/wp-json\/wp\/v2\/pages\/5105\/revisions\/5169"}],"wp:attachment":[{"href":"http:\/\/journal.phaselis.org\/en\/wp-json\/wp\/v2\/media?parent=5105"}],"curies":[{"name":"wp","href":"https:\/\/api.w.org\/{rel}","templated":true}]}}