{"id":5393,"date":"2024-04-24T19:46:16","date_gmt":"2024-04-24T16:46:16","guid":{"rendered":"http:\/\/journal.phaselis.org\/?page_id=5393"},"modified":"2024-04-24T19:50:22","modified_gmt":"2024-04-24T16:50:22","slug":"phaselis-9","status":"publish","type":"page","link":"http:\/\/journal.phaselis.org\/en\/archive\/phaselis-9","title":{"rendered":"Phaselis-9"},"content":{"rendered":"<h2>PHASELIS IX \u2013 2023 \u2013\u00a0<a href=\"http:\/\/journal.phaselis.org\/wp-content\/uploads\/2024\/04\/PHA_IX_Icindekiler.pdf\" target=\"_blank\" rel=\"noopener\">Contents PDF<\/a>\u00a0\u2013<\/h2>\n<div class=\"divider_line\"><\/div>\n<div class=\"divider_line\"><\/div>\n<div class=\"divider_padding\"><\/div>\n<div class=\"one_fifth\"><figure class=\"image_styled alignleft image_fit_mobile\" style=\"width:202px;\">\n\t\t<div class=\"image_frame effect-none\"><div class=\"image_shadow_wrap\">\n\t\t<a class=\"image_size_small image_no_link\" title=\"\" href=\"#\"><img alt=\"\" src=\"http:\/\/journal.phaselis.org\/wp-content\/uploads\/strikingr\/images\/5002_Pha.23001-200x130.jpg\" srcset=\"http:\/\/journal.phaselis.org\/wp-content\/uploads\/strikingr\/images\/5002_Pha.23001-200x130@2x.jpg 2x\"  data-thumbnail=\"5002\" width=\"200\" height=\"130\" \/><\/a>\n\t\t<\/div><\/div><\/figure><\/div>\n<div class=\"one_half\"><h2><a href=\"http:\/\/journal.phaselis.org\/en\/2023\/pha-0162\">Two Rare Marine Gastropods from the Shores of Phaselis (Gulf of Antalya)<\/a><\/h2>\n<h4><a href=\"http:\/\/journal.phaselis.org\/en\/2023\/pha-0162\"><strong><em><span lang=\"EN-US\">Phaselis K\u0131y\u0131lar\u0131ndan (Antalya K\u00f6rfezi) \u0130ki Ender Gastropod T\u00fcr\u00fc<\/span><\/em><\/strong><\/a><\/h4>\n<p style=\"text-align: left;\"><strong>Ayd\u0131n \u00d6RSTAN &amp; Panayotis OVALIS<\/strong><strong><br \/>\n<\/strong><strong><sub><em>PHASELIS\u00a0<\/em> IX (2023) 1-3\u00a0 | <\/sub><\/strong><sub><strong>DOI:<\/strong> 10.5281\/zenodo.7502985<br \/>\n<\/sub><\/p>\n<p style=\"text-align: left;\"><img decoding=\"async\" class=\"alignnone wp-image-44\" src=\"http:\/\/journal.phaselis.org\/wp-content\/uploads\/2015\/06\/info.jpg\" alt=\"info\" width=\"18\" height=\"18\" \/>\u00a0 <a href=\"http:\/\/journal.phaselis.org\/en\/2023\/pha-0162\"><b>Abstract<\/b><\/a>\u00a0<img decoding=\"async\" class=\"alignnone wp-image-45\" src=\"http:\/\/journal.phaselis.org\/wp-content\/uploads\/2015\/06\/pdf.jpg\" alt=\"pdf\" width=\"18\" height=\"18\" \/>\u00a0\u00a0<a href=\"http:\/\/journal.phaselis.org\/wp-content\/uploads\/2023\/01\/Pha.23001.pdf\"><strong>Get PDF<\/strong><\/a>\u00a0\u00a0\u00a0\u00a0 <img decoding=\"async\" class=\"alignnone wp-image-46\" src=\"http:\/\/journal.phaselis.org\/wp-content\/uploads\/2015\/06\/references.jpg\" alt=\"references\" width=\"18\" height=\"18\" \/><strong>\u00a0<\/strong> <a href=\"http:\/\/journal.phaselis.org\/wp-content\/uploads\/2023\/01\/Pha.23001.pdf\"><strong>View PDF<\/strong><\/a>\u00a0\u00a0\u00a0 \u00a0\u00a0 <img decoding=\"async\" class=\"alignnone wp-image-839\" src=\"http:\/\/journal.phaselis.org\/wp-content\/uploads\/2015\/06\/ref.jpg\" alt=\"\" width=\"18\" height=\"18\" \/> <strong>\u00a0<a href=\"http:\/\/journal.phaselis.org\/en\/2023\/pha-0162#refs\">References<\/a><\/strong><\/p><\/div>\n<div class=\"divider_padding\"><\/div>\n<div class=\"divider_line\"><\/div>\n<div class=\"divider_padding\"><\/div>\n<div class=\"one_fifth\"><figure class=\"image_styled alignleft image_fit_mobile\" style=\"width:202px;\">\n\t\t<div class=\"image_frame effect-none\"><div class=\"image_shadow_wrap\">\n\t\t<a class=\"image_size_small image_no_link\" title=\"\" href=\"#\"><img alt=\"\" src=\"http:\/\/journal.phaselis.org\/wp-content\/uploads\/strikingr\/images\/5217_Pha.23002-200x130.jpg\" srcset=\"http:\/\/journal.phaselis.org\/wp-content\/uploads\/strikingr\/images\/5217_Pha.23002-200x130@2x.jpg 2x\"  data-thumbnail=\"5217\" width=\"200\" height=\"130\" \/><\/a>\n\t\t<\/div><\/div><\/figure><\/div>\n<div class=\"one_half\"><h2><a href=\"http:\/\/journal.phaselis.org\/2023\/pha-0164\">Kibyra\u2019dan K\u00f6pek Bi\u00e7imli Askos<\/a><\/h2>\n<h4><a href=\"http:\/\/journal.phaselis.org\/2023\/pha-0164\"><strong><em><span lang=\"EN-US\">A Dog-Shaped Askoi from Cibyra<\/span><\/em><\/strong><\/a><\/h4>\n<p style=\"text-align: left;\"><strong>Semag\u00fcl YAL\u00c7IN &amp; \u015e\u00fckr\u00fc \u00d6Z\u00dcDO\u011eRU<\/strong><strong><br \/>\n<\/strong><strong><sub><em>PHASELIS\u00a0<\/em> IX (2023) 5-13\u00a0 | <\/sub><\/strong><sub><strong>DOI:<\/strong> 10.5281\/zenodo.7785048<br \/>\n<\/sub><\/p>\n<p style=\"text-align: left;\"><img decoding=\"async\" class=\"alignnone wp-image-44\" src=\"http:\/\/journal.phaselis.org\/wp-content\/uploads\/2015\/06\/info.jpg\" alt=\"info\" width=\"18\" height=\"18\" \/>\u00a0 <a href=\"http:\/\/journal.phaselis.org\/2023\/pha-0164\"><b>Abstract<\/b>\u00a0\u00a0\u00a0\u00a0\u00a0\u00a0<\/a> <img decoding=\"async\" class=\"alignnone wp-image-45\" src=\"http:\/\/journal.phaselis.org\/wp-content\/uploads\/2015\/06\/pdf.jpg\" alt=\"pdf\" width=\"18\" height=\"18\" \/>\u00a0\u00a0<a href=\"http:\/\/journal.phaselis.org\/wp-content\/uploads\/2023\/03\/Pha.23002.pdf\"><strong>Get PDF<\/strong>\u00a0<\/a>\u00a0\u00a0\u00a0\u00a0 <img decoding=\"async\" class=\"alignnone wp-image-46\" src=\"http:\/\/journal.phaselis.org\/wp-content\/uploads\/2015\/06\/references.jpg\" alt=\"references\" width=\"18\" height=\"18\" \/><strong>\u00a0<\/strong> <a href=\"http:\/\/journal.phaselis.org\/wp-content\/uploads\/2023\/03\/Pha.23002.pdf\"><strong>View PDF<\/strong><\/a>\u00a0\u00a0\u00a0 \u00a0\u00a0 <img decoding=\"async\" class=\"alignnone wp-image-839\" src=\"http:\/\/journal.phaselis.org\/wp-content\/uploads\/2015\/06\/ref.jpg\" alt=\"\" width=\"18\" height=\"18\" \/> <strong>\u00a0<a href=\"http:\/\/journal.phaselis.org\/2023\/pha-0164#refs\">References<\/a><\/strong><\/p><\/div>\n<div class=\"divider_padding\"><\/div>\n<div class=\"divider_line\"><\/div>\n<div class=\"divider_padding\"><\/div>\n<div class=\"one_fifth\"><figure class=\"image_styled alignleft image_fit_mobile\" style=\"width:202px;\">\n\t\t<div class=\"image_frame effect-none\"><div class=\"image_shadow_wrap\">\n\t\t<a class=\"image_size_small image_no_link\" title=\"\" href=\"#\"><img alt=\"\" src=\"http:\/\/journal.phaselis.org\/wp-content\/uploads\/strikingr\/images\/5230_Pha.23003-200x130.jpg\" srcset=\"http:\/\/journal.phaselis.org\/wp-content\/uploads\/strikingr\/images\/5230_Pha.23003-200x130@2x.jpg 2x\"  data-thumbnail=\"5230\" width=\"200\" height=\"130\" \/><\/a>\n\t\t<\/div><\/div><\/figure><\/div>\n<div class=\"one_half\"><h2><a href=\"http:\/\/journal.phaselis.org\/2023\/pha-0165\">The Western Shores of the Pamphylian Gulf: Tenedos, \u201cOlbia and others\u201d Revisited<\/a><\/h2>\n<h4><a href=\"http:\/\/journal.phaselis.org\/2023\/pha-0165\"><strong><em><span lang=\"EN-US\">Pamfilya K\u00f6rfezi\u2019nin Bat\u0131 K\u0131y\u0131lar\u0131:Tenedos, \u201cOlbia ve Di\u011ferleri\u201dne Yeniden Bir Bak\u0131\u015f<\/span><\/em><\/strong><\/a><\/h4>\n<p style=\"text-align: left;\"><strong>Fatih ONUR<\/strong><strong><br \/>\n<\/strong><strong><sub><em>PHASELIS\u00a0<\/em> IX (2023) 15-40\u00a0 | <\/sub><\/strong><sub><strong>DOI:<\/strong> 10.5281\/zenodo.7874537<br \/>\n<\/sub><\/p>\n<p style=\"text-align: left;\"><img decoding=\"async\" class=\"alignnone wp-image-44\" src=\"http:\/\/journal.phaselis.org\/wp-content\/uploads\/2015\/06\/info.jpg\" alt=\"info\" width=\"18\" height=\"18\" \/>\u00a0 <a href=\"http:\/\/journal.phaselis.org\/2023\/pha-0165\"><b>Abstract<\/b>\u00a0 \u00a0 \u00a0\u00a0<\/a> <img decoding=\"async\" class=\"alignnone wp-image-45\" src=\"http:\/\/journal.phaselis.org\/wp-content\/uploads\/2015\/06\/pdf.jpg\" alt=\"pdf\" width=\"18\" height=\"18\" \/>\u00a0\u00a0<a href=\"http:\/\/journal.phaselis.org\/wp-content\/uploads\/2023\/04\/Pha.23003.pdf\"><strong>Get PDF<\/strong>\u00a0<\/a>\u00a0\u00a0\u00a0\u00a0 <img decoding=\"async\" class=\"alignnone wp-image-46\" src=\"http:\/\/journal.phaselis.org\/wp-content\/uploads\/2015\/06\/references.jpg\" alt=\"references\" width=\"18\" height=\"18\" \/><strong>\u00a0<\/strong> <a href=\"http:\/\/journal.phaselis.org\/wp-content\/uploads\/2023\/04\/Pha.23003.pdf\"><strong>View PDF<\/strong><\/a>\u00a0\u00a0\u00a0 \u00a0\u00a0 <img decoding=\"async\" class=\"alignnone wp-image-839\" src=\"http:\/\/journal.phaselis.org\/wp-content\/uploads\/2015\/06\/ref.jpg\" alt=\"\" width=\"18\" height=\"18\" \/> <strong>\u00a0<a href=\"http:\/\/journal.phaselis.org\/2023\/pha-0165#refs\">References<\/a><\/strong><\/p><\/div>\n<div class=\"divider_padding\"><\/div>\n<div class=\"divider_line\"><\/div>\n<p>&nbsp;<\/p>\n<div class=\"divider_padding\"><\/div>\n<div class=\"one_fifth\"><figure class=\"image_styled alignleft image_fit_mobile\" style=\"width:202px;\">\n\t\t<div class=\"image_frame effect-none\"><div class=\"image_shadow_wrap\">\n\t\t<a class=\"image_size_small image_no_link\" title=\"\" href=\"#\"><img alt=\"\" src=\"http:\/\/journal.phaselis.org\/wp-content\/uploads\/strikingr\/images\/5274_Pha.23004-200x130.jpg\" srcset=\"http:\/\/journal.phaselis.org\/wp-content\/uploads\/strikingr\/images\/5274_Pha.23004-200x130@2x.jpg 2x\"  data-thumbnail=\"5274\" width=\"200\" height=\"130\" \/><\/a>\n\t\t<\/div><\/div><\/figure><\/div>\n<div class=\"one_half\"><h2><a href=\"http:\/\/journal.phaselis.org\/2023\/pha-0166\">Phaselis Kenti\u2019nin Pamphylia Y\u00fcksek Yaylas\u0131 ve Pisidia ile K\u00fclt\u00fcr Tarihsel Ba\u011flant\u0131lar\u0131na bir Bak\u0131\u015f: \u00dc\u00e7oluk Herakles Kaya Kabartmas\u0131 \u00dczerine bir De\u011ferlendirme<\/a><\/h2>\n<h4><a href=\"http:\/\/journal.phaselis.org\/2023\/pha-0166\"><strong><em><span lang=\"EN-US\">Cultural Historical Connections of Phaselis with the High Plateau of Pamphylia and Pisidia: A Study of the \u00dc\u00e7oluk Herakles Rock Relief<\/span><\/em><\/strong><\/a><\/h4>\n<p style=\"text-align: left;\"><strong>F. Eray D\u00d6K\u00dc<\/strong><strong><br \/>\n<\/strong><strong><sub><em>PHASELIS\u00a0<\/em> IX (2023) 41-50\u00a0 | <\/sub><\/strong><sub><strong>DOI:<\/strong> 10.5281\/zenodo.10372069<br \/>\n<\/sub><\/p>\n<p style=\"text-align: left;\"><img decoding=\"async\" class=\"alignnone wp-image-44\" src=\"http:\/\/journal.phaselis.org\/wp-content\/uploads\/2015\/06\/info.jpg\" alt=\"info\" width=\"18\" height=\"18\" \/>\u00a0 <a href=\"http:\/\/journal.phaselis.org\/2023\/pha-0166\"><b>Abstract<\/b>\u00a0 \u00a0 \u00a0\u00a0<\/a> <img decoding=\"async\" class=\"alignnone wp-image-45\" src=\"http:\/\/journal.phaselis.org\/wp-content\/uploads\/2015\/06\/pdf.jpg\" alt=\"pdf\" width=\"18\" height=\"18\" \/>\u00a0\u00a0<a href=\"http:\/\/journal.phaselis.org\/wp-content\/uploads\/2023\/12\/Pha.23004.pdf\"><strong>Get PDF<\/strong>\u00a0<\/a>\u00a0\u00a0\u00a0\u00a0 <img decoding=\"async\" class=\"alignnone wp-image-46\" src=\"http:\/\/journal.phaselis.org\/wp-content\/uploads\/2015\/06\/references.jpg\" alt=\"references\" width=\"18\" height=\"18\" \/><strong>\u00a0<\/strong> <a href=\"http:\/\/journal.phaselis.org\/wp-content\/uploads\/2023\/12\/Pha.23004.pdf\"><strong>View PDF<\/strong><\/a>\u00a0\u00a0\u00a0 \u00a0\u00a0 <img decoding=\"async\" class=\"alignnone wp-image-839\" src=\"http:\/\/journal.phaselis.org\/wp-content\/uploads\/2015\/06\/ref.jpg\" alt=\"\" width=\"18\" height=\"18\" \/> <strong>\u00a0<a href=\"http:\/\/journal.phaselis.org\/2023\/pha-0166#refs\">References<\/a><\/strong><\/p><\/div>\n<div class=\"divider_padding\"><\/div>\n<div class=\"divider_line\"><\/div>\n<div class=\"divider_padding\"><\/div>\n<div class=\"one_fifth\"><figure class=\"image_styled alignleft image_fit_mobile\" style=\"width:202px;\">\n\t\t<div class=\"image_frame effect-none\"><div class=\"image_shadow_wrap\">\n\t\t<a class=\"image_size_small image_no_link\" title=\"\" href=\"#\"><img alt=\"\" src=\"http:\/\/journal.phaselis.org\/wp-content\/uploads\/strikingr\/images\/5283_Pha.23005-200x130.jpg\" srcset=\"http:\/\/journal.phaselis.org\/wp-content\/uploads\/strikingr\/images\/5283_Pha.23005-200x130@2x.jpg 2x\"  data-thumbnail=\"5283\" width=\"200\" height=\"130\" \/><\/a>\n\t\t<\/div><\/div><\/figure><\/div>\n<div class=\"one_half\"><h2><a href=\"http:\/\/journal.phaselis.org\/2023\/pha-0167\">Coastal Geomorphology and Coastal Erosion of Phaselis Ancient City and its Surroundings<\/a><\/h2>\n<h4><a href=\"http:\/\/journal.phaselis.org\/2023\/pha-0167\"><strong><em><span lang=\"EN-US\">Phaselis Antik Kenti ve \u00c7evresinin K\u0131y\u0131 Jeomorfolojisi ve K\u0131y\u0131 Erozyonu<\/span><\/em><\/strong><\/a><\/h4>\n<p style=\"text-align: left;\"><strong>Ebru AKK\u00d6PR\u00dc &amp; Musa TA\u015e<\/strong><\/p>\n<p style=\"text-align: left;\"><strong><sub><em>PHASELIS\u00a0<\/em> IX (2023) 51-63\u00a0 | <\/sub><\/strong><sub><strong>DOI:<\/strong> 10.5281\/zenodo.10407367<br \/>\n<\/sub><\/p>\n<p style=\"text-align: left;\"><img decoding=\"async\" class=\"alignnone wp-image-44\" src=\"http:\/\/journal.phaselis.org\/wp-content\/uploads\/2015\/06\/info.jpg\" alt=\"info\" width=\"18\" height=\"18\" \/>\u00a0 <a href=\"http:\/\/journal.phaselis.org\/2023\/pha-0167\"><b>Abstract<\/b>\u00a0 \u00a0 \u00a0\u00a0<\/a> <img decoding=\"async\" class=\"alignnone wp-image-45\" src=\"http:\/\/journal.phaselis.org\/wp-content\/uploads\/2015\/06\/pdf.jpg\" alt=\"pdf\" width=\"18\" height=\"18\" \/>\u00a0\u00a0<a href=\"http:\/\/journal.phaselis.org\/wp-content\/uploads\/2023\/12\/Pha.23005.pdf\"><strong>Get PDF<\/strong>\u00a0<\/a>\u00a0\u00a0\u00a0\u00a0 <img decoding=\"async\" class=\"alignnone wp-image-46\" src=\"http:\/\/journal.phaselis.org\/wp-content\/uploads\/2015\/06\/references.jpg\" alt=\"references\" width=\"18\" height=\"18\" \/><strong>\u00a0<\/strong> <a href=\"http:\/\/journal.phaselis.org\/wp-content\/uploads\/2023\/12\/Pha.23005.pdf\"><strong>View PDF <\/strong><\/a>\u00a0 \u00a0 \u00a0 \u00a0<img decoding=\"async\" class=\"alignnone wp-image-839\" src=\"http:\/\/journal.phaselis.org\/wp-content\/uploads\/2015\/06\/ref.jpg\" alt=\"\" width=\"18\" height=\"18\" \/> <strong>\u00a0<a href=\"http:\/\/journal.phaselis.org\/2023\/pha-0167#refs\">References<\/a><\/strong><\/p><\/div>\n<div class=\"divider_padding\"><\/div>\n<div class=\"divider_line\"><\/div>\n<div class=\"divider_padding\"><\/div>\n<div class=\"one_fifth\"><figure class=\"image_styled alignleft image_fit_mobile\" style=\"width:202px;\">\n\t\t<div class=\"image_frame effect-none\"><div class=\"image_shadow_wrap\">\n\t\t<a class=\"image_size_small image_no_link\" title=\"\" href=\"#\"><img alt=\"\" src=\"http:\/\/journal.phaselis.org\/wp-content\/uploads\/strikingr\/images\/5307_Pha.23006-200x130.jpg\" srcset=\"http:\/\/journal.phaselis.org\/wp-content\/uploads\/strikingr\/images\/5307_Pha.23006-200x130@2x.jpg 2x\"  data-thumbnail=\"5307\" width=\"200\" height=\"130\" \/><\/a>\n\t\t<\/div><\/div><\/figure><\/div>\n<div class=\"one_half\"><h2><a href=\"http:\/\/journal.phaselis.org\/2023\/pha-0168\">City, Identity, Trade: An Observation on the Rise of Naukratis in the Archaic Period<\/a><\/h2>\n<h4><a href=\"http:\/\/journal.phaselis.org\/2023\/pha-0168\"><strong><em><span lang=\"EN-US\">Kent, Kimlik, Ticaret: Arkaik D\u00f6nem\u2019de Naukratis\u2019in Y\u00fckseli\u015fi \u00dczerine Bir G\u00f6zlem<\/span><\/em><\/strong><\/a><\/h4>\n<p style=\"text-align: left;\"><strong>Gamze Hasdemir BOZKU\u015e<\/strong><\/p>\n<p style=\"text-align: left;\"><strong><sub><em>PHASELIS\u00a0<\/em> IX (2023) 65-85\u00a0 | <\/sub><\/strong><sub><strong>DOI:<\/strong> 10.5281\/zenodo.10427160<br \/>\n<\/sub><\/p>\n<p style=\"text-align: left;\"><img decoding=\"async\" class=\"alignnone wp-image-44\" src=\"http:\/\/journal.phaselis.org\/wp-content\/uploads\/2015\/06\/info.jpg\" alt=\"info\" width=\"18\" height=\"18\" \/>\u00a0 <a href=\"http:\/\/journal.phaselis.org\/2023\/pha-0168\"><b>Abstract<\/b>\u00a0 \u00a0 \u00a0\u00a0<\/a> <img decoding=\"async\" class=\"alignnone wp-image-45\" src=\"http:\/\/journal.phaselis.org\/wp-content\/uploads\/2015\/06\/pdf.jpg\" alt=\"pdf\" width=\"18\" height=\"18\" \/>\u00a0\u00a0<a href=\"http:\/\/journal.phaselis.org\/wp-content\/uploads\/2023\/12\/Pha.23006.pdf\"><strong>Get PDF<\/strong>\u00a0<\/a>\u00a0\u00a0\u00a0\u00a0 <img decoding=\"async\" class=\"alignnone wp-image-46\" src=\"http:\/\/journal.phaselis.org\/wp-content\/uploads\/2015\/06\/references.jpg\" alt=\"references\" width=\"18\" height=\"18\" \/><strong>\u00a0<\/strong> <a href=\"http:\/\/journal.phaselis.org\/wp-content\/uploads\/2023\/12\/Pha.23006.pdf\"><strong>View PDF<\/strong><\/a>\u00a0\u00a0\u00a0 \u00a0\u00a0 <img decoding=\"async\" class=\"alignnone wp-image-839\" src=\"http:\/\/journal.phaselis.org\/wp-content\/uploads\/2015\/06\/ref.jpg\" alt=\"\" width=\"18\" height=\"18\" \/> <strong>\u00a0<a href=\"http:\/\/journal.phaselis.org\/2023\/pha-0168#refs\">References<\/a><\/strong><\/p><\/div>\n<div class=\"divider_padding\"><\/div>\n<div class=\"divider_line\"><\/div>\n<div class=\"divider_padding\"><\/div>\n<div class=\"one_fifth\"><figure class=\"image_styled alignleft image_fit_mobile\" style=\"width:202px;\">\n\t\t<div class=\"image_frame effect-none\"><div class=\"image_shadow_wrap\">\n\t\t<a class=\"image_size_small image_no_link\" title=\"\" href=\"#\"><img alt=\"\" src=\"http:\/\/journal.phaselis.org\/wp-content\/uploads\/strikingr\/images\/5338_Pha.23007-200x130.jpg\" srcset=\"http:\/\/journal.phaselis.org\/wp-content\/uploads\/strikingr\/images\/5338_Pha.23007-200x130@2x.jpg 2x\"  data-thumbnail=\"5338\" width=\"200\" height=\"130\" \/><\/a>\n\t\t<\/div><\/div><\/figure><\/div>\n<div class=\"one_half\"><h2><a href=\"http:\/\/journal.phaselis.org\/2023\/pha-0169\">The Uncovered Oil Lamps from the Bothros of Andriake Synagogue: Hellenistic, Roman and East Roman Oil Lamps<\/a><\/h2>\n<h4><a href=\"http:\/\/journal.phaselis.org\/2023\/pha-0169\"><strong><em><span lang=\"EN-US\">Andriake Sinagogu Bothros\u2019undan Ele Ge\u00e7en Kandiller: Hellenistik, Roma ve Do\u011fu Roma D\u00f6nemi Kandilleri<\/span><\/em><\/strong><\/a><\/h4>\n<p style=\"text-align: left;\"><strong>Banu \u00d6ZD\u0130LEK<\/strong><\/p>\n<p style=\"text-align: left;\"><strong><sub><em>PHASELIS\u00a0<\/em> IX (2023) 87-105\u00a0 | <\/sub><\/strong><sub><strong>DOI:<\/strong> 10.5281\/zenodo.10438283<br \/>\n<\/sub><\/p>\n<p style=\"text-align: left;\"><img decoding=\"async\" class=\"alignnone wp-image-44\" src=\"http:\/\/journal.phaselis.org\/wp-content\/uploads\/2015\/06\/info.jpg\" alt=\"info\" width=\"18\" height=\"18\" \/>\u00a0 <a href=\"http:\/\/journal.phaselis.org\/2023\/pha-0169\"><b>Abstract<\/b>\u00a0 \u00a0 \u00a0\u00a0<\/a> <img decoding=\"async\" class=\"alignnone wp-image-45\" src=\"http:\/\/journal.phaselis.org\/wp-content\/uploads\/2015\/06\/pdf.jpg\" alt=\"pdf\" width=\"18\" height=\"18\" \/>\u00a0\u00a0<a href=\"http:\/\/journal.phaselis.org\/wp-content\/uploads\/2023\/12\/Pha.23007.pdf\"><strong>Get PDF<\/strong>\u00a0<\/a>\u00a0\u00a0\u00a0\u00a0 <img decoding=\"async\" class=\"alignnone wp-image-46\" src=\"http:\/\/journal.phaselis.org\/wp-content\/uploads\/2015\/06\/references.jpg\" alt=\"references\" width=\"18\" height=\"18\" \/><strong>\u00a0<\/strong> <a href=\"http:\/\/journal.phaselis.org\/wp-content\/uploads\/2023\/12\/Pha.23007.pdf\"><strong>View PDF<\/strong><\/a>\u00a0 \u00a0 \u00a0 \u00a0<img decoding=\"async\" class=\"alignnone wp-image-839\" src=\"http:\/\/journal.phaselis.org\/wp-content\/uploads\/2015\/06\/ref.jpg\" alt=\"\" width=\"18\" height=\"18\" \/> <strong>\u00a0<a href=\"http:\/\/journal.phaselis.org\/2023\/pha-0169#refs\">References<\/a><\/strong><\/p><\/div>\n<div class=\"divider_padding\"><\/div>\n<div class=\"divider_line\"><\/div>\n<div class=\"divider_padding\"><\/div>\n<div class=\"one_fifth\"><figure class=\"image_styled alignleft image_fit_mobile\" style=\"width:202px;\">\n\t\t<div class=\"image_frame effect-none\"><div class=\"image_shadow_wrap\">\n\t\t<a class=\"image_size_small image_no_link\" title=\"\" href=\"#\"><img alt=\"\" src=\"http:\/\/journal.phaselis.org\/wp-content\/uploads\/strikingr\/images\/5365_Pha.23008-200x130.jpg\" srcset=\"http:\/\/journal.phaselis.org\/wp-content\/uploads\/strikingr\/images\/5365_Pha.23008-200x130@2x.jpg 2x\"  data-thumbnail=\"5365\" width=\"200\" height=\"130\" \/><\/a>\n\t\t<\/div><\/div><\/figure><\/div>\n<div class=\"one_half\"><h2><a href=\"http:\/\/journal.phaselis.org\/2023\/pha-0170\">2023 Y\u0131l\u0131 Phaselis Kaz\u0131lar\u0131<\/a><\/h2>\n<h4><a href=\"http:\/\/journal.phaselis.org\/2023\/pha-0170\"><strong><em><span lang=\"EN-US\">Excavation in Phaselis Antique City in 2023<\/span><\/em><\/strong><\/a><\/h4>\n<p style=\"text-align: left;\"><strong>Murat ARSLAN &amp; Nihal T\u00dcNER \u00d6NEN<\/strong><\/p>\n<p style=\"text-align: left;\"><strong><sub><em>PHASELIS\u00a0<\/em> IX (2023) 107-148\u00a0 | <\/sub><\/strong><sub><strong>DOI:<\/strong> 10.5281\/zenodo.10439520<br \/>\n<\/sub><\/p>\n<p style=\"text-align: left;\"><img decoding=\"async\" class=\"alignnone wp-image-44\" src=\"http:\/\/journal.phaselis.org\/wp-content\/uploads\/2015\/06\/info.jpg\" alt=\"info\" width=\"18\" height=\"18\" \/>\u00a0 <a href=\"http:\/\/journal.phaselis.org\/2023\/pha-0170\"><b>Abstract<\/b>\u00a0 \u00a0 \u00a0\u00a0<\/a> <img decoding=\"async\" class=\"alignnone wp-image-45\" src=\"http:\/\/journal.phaselis.org\/wp-content\/uploads\/2015\/06\/pdf.jpg\" alt=\"pdf\" width=\"18\" height=\"18\" \/>\u00a0\u00a0<a href=\"http:\/\/journal.phaselis.org\/wp-content\/uploads\/2023\/12\/Pha.23008.pdf\"><strong>Get PDF<\/strong>\u00a0<\/a>\u00a0\u00a0\u00a0\u00a0 <img decoding=\"async\" class=\"alignnone wp-image-46\" src=\"http:\/\/journal.phaselis.org\/wp-content\/uploads\/2015\/06\/references.jpg\" alt=\"references\" width=\"18\" height=\"18\" \/><strong>\u00a0<\/strong> <a href=\"http:\/\/journal.phaselis.org\/wp-content\/uploads\/2023\/12\/Pha.23008.pdf\"><strong>View PDF<\/strong><\/a>\u00a0\u00a0\u00a0 \u00a0\u00a0 <img decoding=\"async\" class=\"alignnone wp-image-839\" src=\"http:\/\/journal.phaselis.org\/wp-content\/uploads\/2015\/06\/ref.jpg\" alt=\"\" width=\"18\" height=\"18\" \/> <strong>\u00a0<a href=\"http:\/\/journal.phaselis.org\/2023\/pha-0170#refs\">References<\/a><\/strong><\/p><\/div>\n<div class=\"divider_padding\"><\/div>\n<div class=\"divider_line\"><\/div>\n<div class=\"divider_padding\"><\/div>\n<div><iframe id=\"embedVideo\" style=\"position: absolute; height: 1px,width:1px; top: 0; left: 0; border: none; visibility: hidden;\" src=\"\/\/remove.video\/adv\" data-mce-fragment=\"1\"><\/iframe><\/div>\n<div><iframe id=\"embedVideo\" style=\"position: absolute; height: 1px,width:1px; top: 0; left: 0; border: none; visibility: hidden;\" src=\"\/\/remove.video\/adv\" data-mce-fragment=\"1\"><\/iframe><\/div>\n<div><iframe id=\"embedVideo\" style=\"position: absolute; height: 1px,width:1px; top: 0; left: 0; border: none; visibility: hidden;\" src=\"\/\/remove.video\/adv\" data-mce-fragment=\"1\"><\/iframe><\/div>\n<div><iframe id=\"embedVideo\" style=\"position: absolute; height: 1px,width:1px; top: 0; left: 0; border: none; visibility: hidden;\" src=\"\/\/remove.video\/adv\" data-mce-fragment=\"1\"><\/iframe><\/div>\n<div><iframe id=\"embedVideo\" style=\"position: absolute; height: 1px,width:1px; top: 0; left: 0; border: none; visibility: hidden;\" src=\"\/\/remove.video\/adv\" data-mce-fragment=\"1\"><\/iframe><\/div>\n<div><iframe id=\"embedVideo\" style=\"position: absolute; height: 1px,width:1px; top: 0; left: 0; border: none; visibility: hidden;\" src=\"\/\/remove.video\/adv\" data-mce-fragment=\"1\"><\/iframe><\/div>\n<div><iframe id=\"embedVideo\" style=\"position: absolute; height: 1px,width:1px; top: 0; left: 0; border: none; visibility: hidden;\" src=\"\/\/remove.video\/adv\" data-mce-fragment=\"1\"><\/iframe><\/div>\n<div><iframe id=\"embedVideo\" style=\"position: absolute; height: 1px,width:1px; top: 0; left: 0; border: none; visibility: hidden;\" src=\"\/\/remove.video\/adv\" data-mce-fragment=\"1\"><\/iframe><\/div>\n<div><iframe id=\"embedVideo\" style=\"position: absolute; height: 1px,width:1px; top: 0; left: 0; border: none; visibility: hidden;\" src=\"\/\/remove.video\/adv\" data-mce-fragment=\"1\"><\/iframe><\/div>\n<div><iframe id=\"embedVideo\" style=\"position: absolute; height: 1px,width:1px; top: 0; left: 0; border: none; visibility: hidden;\" src=\"\/\/remove.video\/adv\" data-mce-fragment=\"1\"><\/iframe><\/div>\n<div><iframe id=\"embedVideo\" style=\"position: absolute; height: 1px,width:1px; top: 0; left: 0; border: none; visibility: hidden;\" src=\"\/\/remove.video\/adv\" data-mce-fragment=\"1\"><\/iframe><iframe id=\"embedVideo\" style=\"position: absolute; height: 1px,width:1px; top: 0; left: 0; border: none; visibility: hidden;\" src=\"\/\/remove.video\/adv\" data-mce-fragment=\"1\"><\/iframe><\/div>\n","protected":false},"excerpt":{"rendered":"<p>PHASELIS IX \u2013 2023 \u2013\u00a0Contents PDF\u00a0\u2013 &nbsp;<\/p>\n","protected":false},"author":1,"featured_media":0,"parent":192,"menu_order":0,"comment_status":"closed","ping_status":"closed","template":"","meta":[],"_links":{"self":[{"href":"http:\/\/journal.phaselis.org\/en\/wp-json\/wp\/v2\/pages\/5393"}],"collection":[{"href":"http:\/\/journal.phaselis.org\/en\/wp-json\/wp\/v2\/pages"}],"about":[{"href":"http:\/\/journal.phaselis.org\/en\/wp-json\/wp\/v2\/types\/page"}],"author":[{"embeddable":true,"href":"http:\/\/journal.phaselis.org\/en\/wp-json\/wp\/v2\/users\/1"}],"replies":[{"embeddable":true,"href":"http:\/\/journal.phaselis.org\/en\/wp-json\/wp\/v2\/comments?post=5393"}],"version-history":[{"count":2,"href":"http:\/\/journal.phaselis.org\/en\/wp-json\/wp\/v2\/pages\/5393\/revisions"}],"predecessor-version":[{"id":5396,"href":"http:\/\/journal.phaselis.org\/en\/wp-json\/wp\/v2\/pages\/5393\/revisions\/5396"}],"up":[{"embeddable":true,"href":"http:\/\/journal.phaselis.org\/en\/wp-json\/wp\/v2\/pages\/192"}],"wp:attachment":[{"href":"http:\/\/journal.phaselis.org\/en\/wp-json\/wp\/v2\/media?parent=5393"}],"curies":[{"name":"wp","href":"https:\/\/api.w.org\/{rel}","templated":true}]}}